{"id":32031,"date":"2024-06-28T14:12:13","date_gmt":"2024-06-28T12:12:13","guid":{"rendered":"https:\/\/www.hgg-group.com\/terms-condition\/"},"modified":"2026-04-02T10:51:45","modified_gmt":"2026-04-02T08:51:45","slug":"terms-conditions","status":"publish","type":"page","link":"https:\/\/www.hgg-group.com\/fr\/terms-conditions\/","title":{"rendered":"Conditions g\u00e9n\u00e9rales d&rsquo;utilisation"},"content":{"rendered":"\t\t<div data-elementor-type=\"wp-page\" data-elementor-id=\"32031\" class=\"elementor elementor-32031 elementor-18007\" data-elementor-post-type=\"page\">\n\t\t\t\t<div class=\"elementor-element elementor-element-15d1a350 e-flex e-con-boxed e-con e-parent\" data-id=\"15d1a350\" data-element_type=\"container\" data-e-type=\"container\" data-settings=\"{&quot;background_background&quot;:&quot;classic&quot;}\">\n\t\t\t\t\t<div class=\"e-con-inner\">\n\t\t<div class=\"elementor-element elementor-element-57f9542d e-con-full e-flex e-con e-child\" data-id=\"57f9542d\" data-element_type=\"container\" data-e-type=\"container\">\n\t\t\t\t<div class=\"elementor-element elementor-element-66f54144 elementor-widget elementor-widget-text-editor\" data-id=\"66f54144\" data-element_type=\"widget\" data-e-type=\"widget\" data-widget_type=\"text-editor.default\">\n\t\t\t\t<div class=\"elementor-widget-container\">\n\t\t\t\t\t\t\t\t\t<p>Conditions g\u00e9n\u00e9rales d&rsquo;utilisation<\/p>\t\t\t\t\t\t\t\t<\/div>\n\t\t\t\t<\/div>\n\t\t\t\t<div class=\"elementor-element elementor-element-8bd8f56 elementor-widget elementor-widget-heading\" data-id=\"8bd8f56\" data-element_type=\"widget\" data-e-type=\"widget\" data-widget_type=\"heading.default\">\n\t\t\t\t<div class=\"elementor-widget-container\">\n\t\t\t\t\t<h1 class=\"elementor-heading-title elementor-size-default\">Conditions g\u00e9n\u00e9rales<\/h1>\t\t\t\t<\/div>\n\t\t\t\t<\/div>\n\t\t\t\t<\/div>\n\t\t<div class=\"elementor-element elementor-element-3ecfd09a e-flex e-con-boxed e-con e-child\" data-id=\"3ecfd09a\" data-element_type=\"container\" data-e-type=\"container\">\n\t\t\t\t\t<div class=\"e-con-inner\">\n\t\t<div class=\"elementor-element elementor-element-4fcc1624 e-flex e-con-boxed e-con e-child\" data-id=\"4fcc1624\" data-element_type=\"container\" data-e-type=\"container\">\n\t\t\t\t\t<div class=\"e-con-inner\">\n\t\t\t\t\t<\/div>\n\t\t\t\t<\/div>\n\t\t\t\t\t<\/div>\n\t\t\t\t<\/div>\n\t\t\t\t\t<\/div>\n\t\t\t\t<\/div>\n\t\t<div class=\"elementor-element elementor-element-fce15da e-flex e-con-boxed e-con e-parent\" data-id=\"fce15da\" data-element_type=\"container\" data-e-type=\"container\">\n\t\t\t\t\t<div class=\"e-con-inner\">\n\t\t\t\t<div class=\"elementor-element elementor-element-5d80d032 elementor-widget elementor-widget-text-editor\" data-id=\"5d80d032\" data-element_type=\"widget\" data-e-type=\"widget\" data-widget_type=\"text-editor.default\">\n\t\t\t\t<div class=\"elementor-widget-container\">\n\t\t\t\t\t\t\t\t\t<h3>1. Conditions g\u00e9n\u00e9rales pour la fourniture et l&rsquo;installation de produits m\u00e9caniques, \u00e9lectriques et \u00e9lectroniques<\/h3>\t\t\t\t\t\t\t\t<\/div>\n\t\t\t\t<\/div>\n\t\t\t\t\t<\/div>\n\t\t\t\t<\/div>\n\t\t<div class=\"elementor-element elementor-element-336c49e e-flex e-con-boxed e-con e-parent\" data-id=\"336c49e\" data-element_type=\"container\" data-e-type=\"container\">\n\t\t\t\t\t<div class=\"e-con-inner\">\n\t\t\t\t<div class=\"elementor-element elementor-element-3667113 elementor-widget elementor-widget-text-editor\" data-id=\"3667113\" data-element_type=\"widget\" data-e-type=\"widget\" data-widget_type=\"text-editor.default\">\n\t\t\t\t<div class=\"elementor-widget-container\">\n\t\t\t\t\t\t\t\t\t<p>Les conditions g\u00e9n\u00e9rales d&rsquo;Orgalim (r\u00e9f\u00e9rence = p <a href=\"https:\/\/licensing.orgalim.eu\/en\/general-conditions\/6f05b188-4a76-46dd-b7f1-85234d1683b2\">. ex. SI 24<\/a>) s&rsquo;appliquent \u00e0 toutes les offres et livraisons de HGG Profiling Equipment BV. Ces documents sous licence sont soumis \u00e0 des droits d&rsquo;auteur. Pour y acc\u00e9der, veuillez contacter directement votre gestionnaire de compte ou envoyer un courriel \u00e0 <a href=\"mailto:info@hgg-group.com\">info@hgg-group.com.<\/a>  <\/p>\t\t\t\t\t\t\t\t<\/div>\n\t\t\t\t<\/div>\n\t\t\t\t\t<\/div>\n\t\t\t\t<\/div>\n\t\t<div class=\"elementor-element elementor-element-5a37865 e-flex e-con-boxed e-con e-child\" data-id=\"5a37865\" data-element_type=\"container\" data-e-type=\"container\">\n\t\t\t\t\t<div class=\"e-con-inner\">\n\t\t\t\t<div class=\"elementor-element elementor-element-e794955 elementor-widget elementor-widget-text-editor\" data-id=\"e794955\" data-element_type=\"widget\" data-e-type=\"widget\" data-widget_type=\"text-editor.default\">\n\t\t\t\t<div class=\"elementor-widget-container\">\n\t\t\t\t\t\t\t\t\t<h3>2. Conditions g\u00e9n\u00e9rales d&rsquo;utilisation de l&rsquo;assistance \u00e0 distance<\/h3>\t\t\t\t\t\t\t\t<\/div>\n\t\t\t\t<\/div>\n\t\t\t\t\t<\/div>\n\t\t\t\t<\/div>\n\t\t<div class=\"elementor-element elementor-element-3abc89f e-flex e-con-boxed e-con e-parent\" data-id=\"3abc89f\" data-element_type=\"container\" data-e-type=\"container\">\n\t\t\t\t\t<div class=\"e-con-inner\">\n\t\t\t\t<div class=\"elementor-element elementor-element-d37cbf4 elementor-widget elementor-widget-text-editor\" data-id=\"d37cbf4\" data-element_type=\"widget\" data-e-type=\"widget\" data-widget_type=\"text-editor.default\">\n\t\t\t\t<div class=\"elementor-widget-container\">\n\t\t\t\t\t\t\t\t\t<p>\u00c0 des fins d&rsquo;assistance, nous pouvons vous demander d&rsquo;autoriser l&rsquo;acc\u00e8s \u00e0 distance au syst\u00e8me concern\u00e9.<\/p><ul><li><a href=\"https:\/\/www.hgg-group.com\/fr\/terms-conditions\/conditions-generales-dutilisation\/\">Consultez les conditions de l&rsquo;assistance \u00e0 distance sur cette page.<\/a><\/li><\/ul>\t\t\t\t\t\t\t\t<\/div>\n\t\t\t\t<\/div>\n\t\t\t\t\t<\/div>\n\t\t\t\t<\/div>\n\t\t\t\t<\/div>\n\t\t","protected":false},"excerpt":{"rendered":"<p>Conditions g\u00e9n\u00e9rales d&rsquo;utilisation Conditions g\u00e9n\u00e9rales 1. Conditions g\u00e9n\u00e9rales pour la fourniture et l&rsquo;installation de produits m\u00e9caniques, \u00e9lectriques et \u00e9lectroniques Les conditions g\u00e9n\u00e9rales d&rsquo;Orgalim (r\u00e9f\u00e9rence = p . ex. SI 24) s&rsquo;appliquent \u00e0 toutes les offres et livraisons de HGG Profiling Equipment BV. Ces documents sous licence sont soumis \u00e0 des droits d&rsquo;auteur. Pour y acc\u00e9der, [&hellip;]<\/p>\n","protected":false},"author":6,"featured_media":0,"parent":0,"menu_order":0,"comment_status":"closed","ping_status":"closed","template":"","meta":{"_acf_changed":false,"content-type":"","inline_featured_image":false,"footnotes":""},"class_list":["post-32031","page","type-page","status-publish","hentry"],"acf":[],"yoast_head":"<!-- This site is optimized with the Yoast SEO plugin v27.3 - https:\/\/yoast.com\/product\/yoast-seo-wordpress\/ -->\n<title>Conditions g\u00e9n\u00e9rales d&#039;utilisation - HGG Group We Revolutionize The World Of Steel<\/title>\n<meta name=\"description\" content=\"La page des conditions g\u00e9n\u00e9rales de HGG d\u00e9crit le cadre juridique r\u00e9gissant l&#039;utilisation de leur site web et de leurs services. Elle couvre des sujets tels que les droits de propri\u00e9t\u00e9 intellectuelle, les responsabilit\u00e9s des utilisateurs, les limitations de responsabilit\u00e9 et les conditions li\u00e9es \u00e0 l&#039;achat ou \u00e0 l&#039;utilisation de leurs produits. Les utilisateurs sont encourag\u00e9s \u00e0 lire attentivement les conditions pour s&#039;assurer qu&#039;ils respectent les directives fournies.\" \/>\n<meta name=\"robots\" content=\"index, follow, max-snippet:-1, max-image-preview:large, max-video-preview:-1\" \/>\n<link rel=\"canonical\" href=\"https:\/\/www.hgg-group.com\/fr\/terms-conditions\/\" \/>\n<meta property=\"og:locale\" content=\"fr_FR\" \/>\n<meta property=\"og:type\" content=\"article\" \/>\n<meta property=\"og:title\" content=\"Conditions g\u00e9n\u00e9rales d&#039;utilisation - HGG Group We Revolutionize The World Of Steel\" \/>\n<meta property=\"og:description\" content=\"La page des conditions g\u00e9n\u00e9rales de HGG d\u00e9crit le cadre juridique r\u00e9gissant l&#039;utilisation de leur site web et de leurs services. Elle couvre des sujets tels que les droits de propri\u00e9t\u00e9 intellectuelle, les responsabilit\u00e9s des utilisateurs, les limitations de responsabilit\u00e9 et les conditions li\u00e9es \u00e0 l&#039;achat ou \u00e0 l&#039;utilisation de leurs produits. Les utilisateurs sont encourag\u00e9s \u00e0 lire attentivement les conditions pour s&#039;assurer qu&#039;ils respectent les directives fournies.\" \/>\n<meta property=\"og:url\" content=\"https:\/\/www.hgg-group.com\/fr\/terms-conditions\/\" \/>\n<meta property=\"og:site_name\" content=\"HGG Group\" \/>\n<meta property=\"article:modified_time\" content=\"2026-04-02T08:51:45+00:00\" \/>\n<meta name=\"twitter:card\" content=\"summary_large_image\" \/>\n<meta name=\"twitter:label1\" content=\"Dur\u00e9e de lecture estim\u00e9e\" \/>\n\t<meta name=\"twitter:data1\" content=\"1 minute\" \/>\n<script type=\"application\/ld+json\" class=\"yoast-schema-graph\">{\"@context\":\"https:\\\/\\\/schema.org\",\"@graph\":[{\"@type\":\"WebPage\",\"@id\":\"https:\\\/\\\/www.hgg-group.com\\\/fr\\\/terms-conditions\\\/\",\"url\":\"https:\\\/\\\/www.hgg-group.com\\\/fr\\\/terms-conditions\\\/\",\"name\":\"Conditions g\u00e9n\u00e9rales d'utilisation - HGG Group We Revolutionize The World Of Steel\",\"isPartOf\":{\"@id\":\"https:\\\/\\\/www.hgg-group.com\\\/fr\\\/#website\"},\"datePublished\":\"2024-06-28T12:12:13+00:00\",\"dateModified\":\"2026-04-02T08:51:45+00:00\",\"description\":\"La page des conditions g\u00e9n\u00e9rales de HGG d\u00e9crit le cadre juridique r\u00e9gissant l'utilisation de leur site web et de leurs services. Elle couvre des sujets tels que les droits de propri\u00e9t\u00e9 intellectuelle, les responsabilit\u00e9s des utilisateurs, les limitations de responsabilit\u00e9 et les conditions li\u00e9es \u00e0 l'achat ou \u00e0 l'utilisation de leurs produits. Les utilisateurs sont encourag\u00e9s \u00e0 lire attentivement les conditions pour s'assurer qu'ils respectent les directives fournies.\",\"breadcrumb\":{\"@id\":\"https:\\\/\\\/www.hgg-group.com\\\/fr\\\/terms-conditions\\\/#breadcrumb\"},\"inLanguage\":\"fr-FR\",\"potentialAction\":[{\"@type\":\"ReadAction\",\"target\":[\"https:\\\/\\\/www.hgg-group.com\\\/fr\\\/terms-conditions\\\/\"]}]},{\"@type\":\"BreadcrumbList\",\"@id\":\"https:\\\/\\\/www.hgg-group.com\\\/fr\\\/terms-conditions\\\/#breadcrumb\",\"itemListElement\":[{\"@type\":\"ListItem\",\"position\":1,\"name\":\"Home\",\"item\":\"https:\\\/\\\/www.hgg-group.com\\\/fr\\\/accueil\\\/\"},{\"@type\":\"ListItem\",\"position\":2,\"name\":\"Conditions g\u00e9n\u00e9rales d&#8217;utilisation\"}]},{\"@type\":\"WebSite\",\"@id\":\"https:\\\/\\\/www.hgg-group.com\\\/fr\\\/#website\",\"url\":\"https:\\\/\\\/www.hgg-group.com\\\/fr\\\/\",\"name\":\"HGG Group\",\"description\":\"We Revolutionize The World Of Steel\",\"publisher\":{\"@id\":\"https:\\\/\\\/www.hgg-group.com\\\/fr\\\/#organization\"},\"potentialAction\":[{\"@type\":\"SearchAction\",\"target\":{\"@type\":\"EntryPoint\",\"urlTemplate\":\"https:\\\/\\\/www.hgg-group.com\\\/fr\\\/?s={search_term_string}\"},\"query-input\":{\"@type\":\"PropertyValueSpecification\",\"valueRequired\":true,\"valueName\":\"search_term_string\"}}],\"inLanguage\":\"fr-FR\"},{\"@type\":\"Organization\",\"@id\":\"https:\\\/\\\/www.hgg-group.com\\\/fr\\\/#organization\",\"name\":\"HGG\",\"url\":\"https:\\\/\\\/www.hgg-group.com\\\/fr\\\/\",\"logo\":{\"@type\":\"ImageObject\",\"inLanguage\":\"fr-FR\",\"@id\":\"https:\\\/\\\/www.hgg-group.com\\\/fr\\\/#\\\/schema\\\/logo\\\/image\\\/\",\"url\":\"https:\\\/\\\/www.hgg-group.com\\\/wp-content\\\/uploads\\\/2025\\\/03\\\/HGG_logo-primair_RGB.png\",\"contentUrl\":\"https:\\\/\\\/www.hgg-group.com\\\/wp-content\\\/uploads\\\/2025\\\/03\\\/HGG_logo-primair_RGB.png\",\"width\":1097,\"height\":1337,\"caption\":\"HGG\"},\"image\":{\"@id\":\"https:\\\/\\\/www.hgg-group.com\\\/fr\\\/#\\\/schema\\\/logo\\\/image\\\/\"}}]}<\/script>\n<!-- \/ Yoast SEO plugin. -->","yoast_head_json":{"title":"Conditions g\u00e9n\u00e9rales d'utilisation - HGG Group We Revolutionize The World Of Steel","description":"La page des conditions g\u00e9n\u00e9rales de HGG d\u00e9crit le cadre juridique r\u00e9gissant l'utilisation de leur site web et de leurs services. Elle couvre des sujets tels que les droits de propri\u00e9t\u00e9 intellectuelle, les responsabilit\u00e9s des utilisateurs, les limitations de responsabilit\u00e9 et les conditions li\u00e9es \u00e0 l'achat ou \u00e0 l'utilisation de leurs produits. Les utilisateurs sont encourag\u00e9s \u00e0 lire attentivement les conditions pour s'assurer qu'ils respectent les directives fournies.","robots":{"index":"index","follow":"follow","max-snippet":"max-snippet:-1","max-image-preview":"max-image-preview:large","max-video-preview":"max-video-preview:-1"},"canonical":"https:\/\/www.hgg-group.com\/fr\/terms-conditions\/","og_locale":"fr_FR","og_type":"article","og_title":"Conditions g\u00e9n\u00e9rales d'utilisation - HGG Group We Revolutionize The World Of Steel","og_description":"La page des conditions g\u00e9n\u00e9rales de HGG d\u00e9crit le cadre juridique r\u00e9gissant l'utilisation de leur site web et de leurs services. Elle couvre des sujets tels que les droits de propri\u00e9t\u00e9 intellectuelle, les responsabilit\u00e9s des utilisateurs, les limitations de responsabilit\u00e9 et les conditions li\u00e9es \u00e0 l'achat ou \u00e0 l'utilisation de leurs produits. Les utilisateurs sont encourag\u00e9s \u00e0 lire attentivement les conditions pour s'assurer qu'ils respectent les directives fournies.","og_url":"https:\/\/www.hgg-group.com\/fr\/terms-conditions\/","og_site_name":"HGG Group","article_modified_time":"2026-04-02T08:51:45+00:00","twitter_card":"summary_large_image","twitter_misc":{"Dur\u00e9e de lecture estim\u00e9e":"1 minute"},"schema":{"@context":"https:\/\/schema.org","@graph":[{"@type":"WebPage","@id":"https:\/\/www.hgg-group.com\/fr\/terms-conditions\/","url":"https:\/\/www.hgg-group.com\/fr\/terms-conditions\/","name":"Conditions g\u00e9n\u00e9rales d'utilisation - HGG Group We Revolutionize The World Of Steel","isPartOf":{"@id":"https:\/\/www.hgg-group.com\/fr\/#website"},"datePublished":"2024-06-28T12:12:13+00:00","dateModified":"2026-04-02T08:51:45+00:00","description":"La page des conditions g\u00e9n\u00e9rales de HGG d\u00e9crit le cadre juridique r\u00e9gissant l'utilisation de leur site web et de leurs services. Elle couvre des sujets tels que les droits de propri\u00e9t\u00e9 intellectuelle, les responsabilit\u00e9s des utilisateurs, les limitations de responsabilit\u00e9 et les conditions li\u00e9es \u00e0 l'achat ou \u00e0 l'utilisation de leurs produits. Les utilisateurs sont encourag\u00e9s \u00e0 lire attentivement les conditions pour s'assurer qu'ils respectent les directives fournies.","breadcrumb":{"@id":"https:\/\/www.hgg-group.com\/fr\/terms-conditions\/#breadcrumb"},"inLanguage":"fr-FR","potentialAction":[{"@type":"ReadAction","target":["https:\/\/www.hgg-group.com\/fr\/terms-conditions\/"]}]},{"@type":"BreadcrumbList","@id":"https:\/\/www.hgg-group.com\/fr\/terms-conditions\/#breadcrumb","itemListElement":[{"@type":"ListItem","position":1,"name":"Home","item":"https:\/\/www.hgg-group.com\/fr\/accueil\/"},{"@type":"ListItem","position":2,"name":"Conditions g\u00e9n\u00e9rales d&#8217;utilisation"}]},{"@type":"WebSite","@id":"https:\/\/www.hgg-group.com\/fr\/#website","url":"https:\/\/www.hgg-group.com\/fr\/","name":"HGG Group","description":"We Revolutionize The World Of Steel","publisher":{"@id":"https:\/\/www.hgg-group.com\/fr\/#organization"},"potentialAction":[{"@type":"SearchAction","target":{"@type":"EntryPoint","urlTemplate":"https:\/\/www.hgg-group.com\/fr\/?s={search_term_string}"},"query-input":{"@type":"PropertyValueSpecification","valueRequired":true,"valueName":"search_term_string"}}],"inLanguage":"fr-FR"},{"@type":"Organization","@id":"https:\/\/www.hgg-group.com\/fr\/#organization","name":"HGG","url":"https:\/\/www.hgg-group.com\/fr\/","logo":{"@type":"ImageObject","inLanguage":"fr-FR","@id":"https:\/\/www.hgg-group.com\/fr\/#\/schema\/logo\/image\/","url":"https:\/\/www.hgg-group.com\/wp-content\/uploads\/2025\/03\/HGG_logo-primair_RGB.png","contentUrl":"https:\/\/www.hgg-group.com\/wp-content\/uploads\/2025\/03\/HGG_logo-primair_RGB.png","width":1097,"height":1337,"caption":"HGG"},"image":{"@id":"https:\/\/www.hgg-group.com\/fr\/#\/schema\/logo\/image\/"}}]}},"_links":{"self":[{"href":"https:\/\/www.hgg-group.com\/fr\/wp-json\/wp\/v2\/pages\/32031","targetHints":{"allow":["GET"]}}],"collection":[{"href":"https:\/\/www.hgg-group.com\/fr\/wp-json\/wp\/v2\/pages"}],"about":[{"href":"https:\/\/www.hgg-group.com\/fr\/wp-json\/wp\/v2\/types\/page"}],"author":[{"embeddable":true,"href":"https:\/\/www.hgg-group.com\/fr\/wp-json\/wp\/v2\/users\/6"}],"replies":[{"embeddable":true,"href":"https:\/\/www.hgg-group.com\/fr\/wp-json\/wp\/v2\/comments?post=32031"}],"version-history":[{"count":20,"href":"https:\/\/www.hgg-group.com\/fr\/wp-json\/wp\/v2\/pages\/32031\/revisions"}],"predecessor-version":[{"id":42061,"href":"https:\/\/www.hgg-group.com\/fr\/wp-json\/wp\/v2\/pages\/32031\/revisions\/42061"}],"wp:attachment":[{"href":"https:\/\/www.hgg-group.com\/fr\/wp-json\/wp\/v2\/media?parent=32031"}],"curies":[{"name":"wp","href":"https:\/\/api.w.org\/{rel}","templated":true}]}}