{"id":24956,"date":"2024-04-23T11:03:07","date_gmt":"2024-04-23T09:03:07","guid":{"rendered":"https:\/\/www.hgg-group.com\/conditions-generales-dutilisation\/"},"modified":"2024-11-26T15:36:49","modified_gmt":"2024-11-26T14:36:49","slug":"conditions-generales-dutilisation","status":"publish","type":"page","link":"https:\/\/www.hgg-group.com\/fr\/conditions-generales-dutilisation\/","title":{"rendered":"Clause de non-responsabilit\u00e9"},"content":{"rendered":"\t\t<div data-elementor-type=\"wp-page\" data-elementor-id=\"24956\" class=\"elementor elementor-24956 elementor-4701\" data-elementor-post-type=\"page\">\n\t\t\t\t<div class=\"elementor-element elementor-element-15d1a350 e-flex e-con-boxed e-con e-parent\" data-id=\"15d1a350\" data-element_type=\"container\" data-e-type=\"container\" data-settings=\"{&quot;background_background&quot;:&quot;classic&quot;}\">\n\t\t\t\t\t<div class=\"e-con-inner\">\n\t\t<div class=\"elementor-element elementor-element-57f9542d e-con-full e-flex e-con e-child\" data-id=\"57f9542d\" data-element_type=\"container\" data-e-type=\"container\">\n\t\t\t\t<div class=\"elementor-element elementor-element-66f54144 elementor-widget elementor-widget-text-editor\" data-id=\"66f54144\" data-element_type=\"widget\" data-e-type=\"widget\" data-widget_type=\"text-editor.default\">\n\t\t\t\t<div class=\"elementor-widget-container\">\n\t\t\t\t\t\t\t\t\t<p>Clause de non-responsabilit\u00e9<\/p>\n\t\t\t\t\t\t\t\t<\/div>\n\t\t\t\t<\/div>\n\t\t\t\t<div class=\"elementor-element elementor-element-8bd8f56 elementor-widget elementor-widget-heading\" data-id=\"8bd8f56\" data-element_type=\"widget\" data-e-type=\"widget\" data-widget_type=\"heading.default\">\n\t\t\t\t<div class=\"elementor-widget-container\">\n\t\t\t\t\t<h1 class=\"elementor-heading-title elementor-size-default\">Clause de non-responsabilit\u00e9<\/h1>\t\t\t\t<\/div>\n\t\t\t\t<\/div>\n\t\t\t\t<\/div>\n\t\t<div class=\"elementor-element elementor-element-3ecfd09a e-flex e-con-boxed e-con e-child\" data-id=\"3ecfd09a\" data-element_type=\"container\" data-e-type=\"container\">\n\t\t\t\t\t<div class=\"e-con-inner\">\n\t\t<div class=\"elementor-element elementor-element-4fcc1624 e-flex e-con-boxed e-con e-child\" data-id=\"4fcc1624\" data-element_type=\"container\" data-e-type=\"container\">\n\t\t\t\t\t<div class=\"e-con-inner\">\n\t\t\t\t\t<\/div>\n\t\t\t\t<\/div>\n\t\t\t\t\t<\/div>\n\t\t\t\t<\/div>\n\t\t\t\t\t<\/div>\n\t\t\t\t<\/div>\n\t\t<div class=\"elementor-element elementor-element-336c49e e-flex e-con-boxed e-con e-parent\" data-id=\"336c49e\" data-element_type=\"container\" data-e-type=\"container\">\n\t\t\t\t\t<div class=\"e-con-inner\">\n\t\t\t\t<div class=\"elementor-element elementor-element-5d80d032 elementor-widget elementor-widget-text-editor\" data-id=\"5d80d032\" data-element_type=\"widget\" data-e-type=\"widget\" data-widget_type=\"text-editor.default\">\n\t\t\t\t<div class=\"elementor-widget-container\">\n\t\t\t\t\t\t\t\t\t<p>La soci\u00e9t\u00e9 HGG fournit le site web www.www.hgg-group.com en tant que service au public et aux propri\u00e9taires de sites web.<br \/>\nCe site, dont les informations sont fournies par HGG, a \u00e9t\u00e9 \u00e9labor\u00e9 avec le plus grand soin.<br \/>\nLes informations contenues dans ce site sont uniquement destin\u00e9es \u00e0 des fins d&rsquo;information g\u00e9n\u00e9rale et aucun droit ne peut \u00eatre tir\u00e9 de son contenu.  <\/p>\n<p>Veuillez \u00e9galement noter que les informations contenues dans ce site peuvent \u00eatre modifi\u00e9es, ajout\u00e9es ou supprim\u00e9es \u00e0 tout moment sans pr\u00e9avis.<br \/>\nBien que des efforts soient faits pour assurer l&rsquo;exactitude des informations publi\u00e9es sur ce site, HGG n&rsquo;assume aucune responsabilit\u00e9, quelle qu&rsquo;elle soit, pour les dommages ou pertes r\u00e9sultant de l&rsquo;utilisation de ce site ou de son contenu, tels que, mais sans s&rsquo;y limiter, ceux li\u00e9s \u00e0 l&rsquo;utilisation d&rsquo;informations erron\u00e9es ou au t\u00e9l\u00e9chargement de donn\u00e9es.<br \/>\nLa confiance que vous accordez \u00e0 ces informations est donc strictement \u00e0 vos risques et p\u00e9rils.  <\/p>\n<h3>Droits d&rsquo;auteur<\/h3>\n<p>La soci\u00e9t\u00e9 HGG d\u00e9tient les droits d&rsquo;auteur sur le contenu publi\u00e9 (tous les textes, images, graphiques, animations, vid\u00e9os, sons et tout autre contenu de ce site web) sur le site web, sauf indication contraire d&rsquo;un avis de propri\u00e9t\u00e9 d&rsquo;un tiers.<br \/>\nLes images, les marques commerciales et les marques d\u00e9pos\u00e9es sont \u00e9galement prot\u00e9g\u00e9es par d&rsquo;autres lois sur la propri\u00e9t\u00e9 intellectuelle et ne doivent pas \u00eatre reproduites ou appropri\u00e9es de quelque mani\u00e8re que ce soit sans l&rsquo;autorisation \u00e9crite de leurs propri\u00e9taires respectifs.<br \/>\nLe contenu susmentionn\u00e9 ne peut \u00eatre dupliqu\u00e9, modifi\u00e9 ou utilis\u00e9 dans d&rsquo;autres publications \u00e9lectroniques ou imprim\u00e9es sans l&rsquo;accord pr\u00e9alable de la soci\u00e9t\u00e9 HGG.<br \/>\nSauf interdiction expresse par un avis publi\u00e9 sur une page, vous pouvez faire une copie imprim\u00e9e des parties du site Web dont vous avez raisonnablement besoin pour votre usage personnel, \u00e0 condition que toute copie soit accompagn\u00e9e des avis de propri\u00e9t\u00e9 et\/ou des avis de non-responsabilit\u00e9 pertinents.<br \/>\nToute autre utilisation est interdite.    <\/p>\n<h3>Responsabilit\u00e9<\/h3>\n<p>Nous ne serons en aucun cas responsables des pertes ou dommages, y compris, mais sans s&rsquo;y limiter, des pertes ou dommages indirects ou cons\u00e9cutifs, ou de toute perte ou dommage d\u00e9coulant de la perte de donn\u00e9es ou de b\u00e9n\u00e9fices r\u00e9sultant de l&rsquo;utilisation de ce site web ou en rapport avec celle-ci.<\/p>\n<p>Ce site Web vous permet d&rsquo;acc\u00e9der \u00e0 d&rsquo;autres sites Web qui ne sont pas sous le contr\u00f4le de HGG.<br \/>\nNous n&rsquo;avons aucun contr\u00f4le sur la nature, le contenu et la disponibilit\u00e9 de ces sites.<br \/>\nL&rsquo;inclusion de liens n&rsquo;implique pas n\u00e9cessairement une recommandation ou une approbation des opinions qui y sont exprim\u00e9es.  <\/p>\n<p>Tous les efforts sont d\u00e9ploy\u00e9s pour que le site web reste op\u00e9rationnel et fonctionne sans heurts.<br \/>\nToutefois, HGG n&rsquo;assume aucune responsabilit\u00e9 et ne peut \u00eatre tenu responsable de l&rsquo;indisponibilit\u00e9 temporaire du site web en raison de probl\u00e8mes techniques ind\u00e9pendants de notre volont\u00e9. <\/p>\n\t\t\t\t\t\t\t\t<\/div>\n\t\t\t\t<\/div>\n\t\t\t\t\t<\/div>\n\t\t\t\t<\/div>\n\t\t\t\t<\/div>\n\t\t","protected":false},"excerpt":{"rendered":"<p>Clause de non-responsabilit\u00e9 Clause de non-responsabilit\u00e9 La soci\u00e9t\u00e9 HGG fournit le site web www.www.hgg-group.com en tant que service au public et aux propri\u00e9taires de sites web. Ce site, dont les informations sont fournies par HGG, a \u00e9t\u00e9 \u00e9labor\u00e9 avec le plus grand soin. Les informations contenues dans ce site sont uniquement destin\u00e9es \u00e0 des fins [&hellip;]<\/p>\n","protected":false},"author":4,"featured_media":0,"parent":0,"menu_order":0,"comment_status":"closed","ping_status":"closed","template":"","meta":{"_acf_changed":false,"content-type":"","inline_featured_image":false,"footnotes":""},"class_list":["post-24956","page","type-page","status-publish","hentry"],"acf":[],"yoast_head":"<!-- This site is optimized with the Yoast SEO plugin v27.4 - https:\/\/yoast.com\/product\/yoast-seo-wordpress\/ -->\n<title>Clause de non-responsabilit\u00e9 - HGG Group We Revolutionize The World Of Steel<\/title>\n<meta name=\"description\" content=\"La page des conditions g\u00e9n\u00e9rales de HGG d\u00e9crit le cadre juridique r\u00e9gissant l&#039;utilisation de leur site web et de leurs services. Elle couvre des sujets tels que les droits de propri\u00e9t\u00e9 intellectuelle, les responsabilit\u00e9s des utilisateurs, les limitations de responsabilit\u00e9 et les conditions li\u00e9es \u00e0 l&#039;achat ou \u00e0 l&#039;utilisation de leurs produits. Les utilisateurs sont encourag\u00e9s \u00e0 lire attentivement les conditions pour s&#039;assurer qu&#039;ils respectent les directives fournies.\" \/>\n<meta name=\"robots\" content=\"index, follow, max-snippet:-1, max-image-preview:large, max-video-preview:-1\" \/>\n<link rel=\"canonical\" href=\"https:\/\/www.hgg-group.com\/fr\/conditions-generales-dutilisation\/\" \/>\n<meta property=\"og:locale\" content=\"fr_FR\" \/>\n<meta property=\"og:type\" content=\"article\" \/>\n<meta property=\"og:title\" content=\"Clause de non-responsabilit\u00e9 - HGG Group We Revolutionize The World Of Steel\" \/>\n<meta property=\"og:description\" content=\"La page des conditions g\u00e9n\u00e9rales de HGG d\u00e9crit le cadre juridique r\u00e9gissant l&#039;utilisation de leur site web et de leurs services. Elle couvre des sujets tels que les droits de propri\u00e9t\u00e9 intellectuelle, les responsabilit\u00e9s des utilisateurs, les limitations de responsabilit\u00e9 et les conditions li\u00e9es \u00e0 l&#039;achat ou \u00e0 l&#039;utilisation de leurs produits. Les utilisateurs sont encourag\u00e9s \u00e0 lire attentivement les conditions pour s&#039;assurer qu&#039;ils respectent les directives fournies.\" \/>\n<meta property=\"og:url\" content=\"https:\/\/www.hgg-group.com\/fr\/conditions-generales-dutilisation\/\" \/>\n<meta property=\"og:site_name\" content=\"HGG Group\" \/>\n<meta property=\"article:modified_time\" content=\"2024-11-26T14:36:49+00:00\" \/>\n<meta name=\"twitter:card\" content=\"summary_large_image\" \/>\n<meta name=\"twitter:label1\" content=\"Dur\u00e9e de lecture estim\u00e9e\" \/>\n\t<meta name=\"twitter:data1\" content=\"3 minutes\" \/>\n<script type=\"application\/ld+json\" class=\"yoast-schema-graph\">{\"@context\":\"https:\\\/\\\/schema.org\",\"@graph\":[{\"@type\":\"WebPage\",\"@id\":\"https:\\\/\\\/www.hgg-group.com\\\/fr\\\/conditions-generales-dutilisation\\\/\",\"url\":\"https:\\\/\\\/www.hgg-group.com\\\/fr\\\/conditions-generales-dutilisation\\\/\",\"name\":\"Clause de non-responsabilit\u00e9 - HGG Group We Revolutionize The World Of Steel\",\"isPartOf\":{\"@id\":\"https:\\\/\\\/www.hgg-group.com\\\/fr\\\/#website\"},\"datePublished\":\"2024-04-23T09:03:07+00:00\",\"dateModified\":\"2024-11-26T14:36:49+00:00\",\"description\":\"La page des conditions g\u00e9n\u00e9rales de HGG d\u00e9crit le cadre juridique r\u00e9gissant l'utilisation de leur site web et de leurs services. Elle couvre des sujets tels que les droits de propri\u00e9t\u00e9 intellectuelle, les responsabilit\u00e9s des utilisateurs, les limitations de responsabilit\u00e9 et les conditions li\u00e9es \u00e0 l'achat ou \u00e0 l'utilisation de leurs produits. Les utilisateurs sont encourag\u00e9s \u00e0 lire attentivement les conditions pour s'assurer qu'ils respectent les directives fournies.\",\"breadcrumb\":{\"@id\":\"https:\\\/\\\/www.hgg-group.com\\\/fr\\\/conditions-generales-dutilisation\\\/#breadcrumb\"},\"inLanguage\":\"fr-FR\",\"potentialAction\":[{\"@type\":\"ReadAction\",\"target\":[\"https:\\\/\\\/www.hgg-group.com\\\/fr\\\/conditions-generales-dutilisation\\\/\"]}]},{\"@type\":\"BreadcrumbList\",\"@id\":\"https:\\\/\\\/www.hgg-group.com\\\/fr\\\/conditions-generales-dutilisation\\\/#breadcrumb\",\"itemListElement\":[{\"@type\":\"ListItem\",\"position\":1,\"name\":\"Home\",\"item\":\"https:\\\/\\\/www.hgg-group.com\\\/fr\\\/accueil\\\/\"},{\"@type\":\"ListItem\",\"position\":2,\"name\":\"Clause de non-responsabilit\u00e9\"}]},{\"@type\":\"WebSite\",\"@id\":\"https:\\\/\\\/www.hgg-group.com\\\/fr\\\/#website\",\"url\":\"https:\\\/\\\/www.hgg-group.com\\\/fr\\\/\",\"name\":\"HGG Group\",\"description\":\"We Revolutionize The World Of Steel\",\"publisher\":{\"@id\":\"https:\\\/\\\/www.hgg-group.com\\\/fr\\\/#organization\"},\"potentialAction\":[{\"@type\":\"SearchAction\",\"target\":{\"@type\":\"EntryPoint\",\"urlTemplate\":\"https:\\\/\\\/www.hgg-group.com\\\/fr\\\/?s={search_term_string}\"},\"query-input\":{\"@type\":\"PropertyValueSpecification\",\"valueRequired\":true,\"valueName\":\"search_term_string\"}}],\"inLanguage\":\"fr-FR\"},{\"@type\":\"Organization\",\"@id\":\"https:\\\/\\\/www.hgg-group.com\\\/fr\\\/#organization\",\"name\":\"HGG\",\"url\":\"https:\\\/\\\/www.hgg-group.com\\\/fr\\\/\",\"logo\":{\"@type\":\"ImageObject\",\"inLanguage\":\"fr-FR\",\"@id\":\"https:\\\/\\\/www.hgg-group.com\\\/fr\\\/#\\\/schema\\\/logo\\\/image\\\/\",\"url\":\"https:\\\/\\\/www.hgg-group.com\\\/wp-content\\\/uploads\\\/2025\\\/03\\\/HGG_logo-primair_RGB.png\",\"contentUrl\":\"https:\\\/\\\/www.hgg-group.com\\\/wp-content\\\/uploads\\\/2025\\\/03\\\/HGG_logo-primair_RGB.png\",\"width\":1097,\"height\":1337,\"caption\":\"HGG\"},\"image\":{\"@id\":\"https:\\\/\\\/www.hgg-group.com\\\/fr\\\/#\\\/schema\\\/logo\\\/image\\\/\"}}]}<\/script>\n<!-- \/ Yoast SEO plugin. -->","yoast_head_json":{"title":"Clause de non-responsabilit\u00e9 - HGG Group We Revolutionize The World Of Steel","description":"La page des conditions g\u00e9n\u00e9rales de HGG d\u00e9crit le cadre juridique r\u00e9gissant l'utilisation de leur site web et de leurs services. Elle couvre des sujets tels que les droits de propri\u00e9t\u00e9 intellectuelle, les responsabilit\u00e9s des utilisateurs, les limitations de responsabilit\u00e9 et les conditions li\u00e9es \u00e0 l'achat ou \u00e0 l'utilisation de leurs produits. Les utilisateurs sont encourag\u00e9s \u00e0 lire attentivement les conditions pour s'assurer qu'ils respectent les directives fournies.","robots":{"index":"index","follow":"follow","max-snippet":"max-snippet:-1","max-image-preview":"max-image-preview:large","max-video-preview":"max-video-preview:-1"},"canonical":"https:\/\/www.hgg-group.com\/fr\/conditions-generales-dutilisation\/","og_locale":"fr_FR","og_type":"article","og_title":"Clause de non-responsabilit\u00e9 - HGG Group We Revolutionize The World Of Steel","og_description":"La page des conditions g\u00e9n\u00e9rales de HGG d\u00e9crit le cadre juridique r\u00e9gissant l'utilisation de leur site web et de leurs services. Elle couvre des sujets tels que les droits de propri\u00e9t\u00e9 intellectuelle, les responsabilit\u00e9s des utilisateurs, les limitations de responsabilit\u00e9 et les conditions li\u00e9es \u00e0 l'achat ou \u00e0 l'utilisation de leurs produits. Les utilisateurs sont encourag\u00e9s \u00e0 lire attentivement les conditions pour s'assurer qu'ils respectent les directives fournies.","og_url":"https:\/\/www.hgg-group.com\/fr\/conditions-generales-dutilisation\/","og_site_name":"HGG Group","article_modified_time":"2024-11-26T14:36:49+00:00","twitter_card":"summary_large_image","twitter_misc":{"Dur\u00e9e de lecture estim\u00e9e":"3 minutes"},"schema":{"@context":"https:\/\/schema.org","@graph":[{"@type":"WebPage","@id":"https:\/\/www.hgg-group.com\/fr\/conditions-generales-dutilisation\/","url":"https:\/\/www.hgg-group.com\/fr\/conditions-generales-dutilisation\/","name":"Clause de non-responsabilit\u00e9 - HGG Group We Revolutionize The World Of Steel","isPartOf":{"@id":"https:\/\/www.hgg-group.com\/fr\/#website"},"datePublished":"2024-04-23T09:03:07+00:00","dateModified":"2024-11-26T14:36:49+00:00","description":"La page des conditions g\u00e9n\u00e9rales de HGG d\u00e9crit le cadre juridique r\u00e9gissant l'utilisation de leur site web et de leurs services. Elle couvre des sujets tels que les droits de propri\u00e9t\u00e9 intellectuelle, les responsabilit\u00e9s des utilisateurs, les limitations de responsabilit\u00e9 et les conditions li\u00e9es \u00e0 l'achat ou \u00e0 l'utilisation de leurs produits. Les utilisateurs sont encourag\u00e9s \u00e0 lire attentivement les conditions pour s'assurer qu'ils respectent les directives fournies.","breadcrumb":{"@id":"https:\/\/www.hgg-group.com\/fr\/conditions-generales-dutilisation\/#breadcrumb"},"inLanguage":"fr-FR","potentialAction":[{"@type":"ReadAction","target":["https:\/\/www.hgg-group.com\/fr\/conditions-generales-dutilisation\/"]}]},{"@type":"BreadcrumbList","@id":"https:\/\/www.hgg-group.com\/fr\/conditions-generales-dutilisation\/#breadcrumb","itemListElement":[{"@type":"ListItem","position":1,"name":"Home","item":"https:\/\/www.hgg-group.com\/fr\/accueil\/"},{"@type":"ListItem","position":2,"name":"Clause de non-responsabilit\u00e9"}]},{"@type":"WebSite","@id":"https:\/\/www.hgg-group.com\/fr\/#website","url":"https:\/\/www.hgg-group.com\/fr\/","name":"HGG Group","description":"We Revolutionize The World Of Steel","publisher":{"@id":"https:\/\/www.hgg-group.com\/fr\/#organization"},"potentialAction":[{"@type":"SearchAction","target":{"@type":"EntryPoint","urlTemplate":"https:\/\/www.hgg-group.com\/fr\/?s={search_term_string}"},"query-input":{"@type":"PropertyValueSpecification","valueRequired":true,"valueName":"search_term_string"}}],"inLanguage":"fr-FR"},{"@type":"Organization","@id":"https:\/\/www.hgg-group.com\/fr\/#organization","name":"HGG","url":"https:\/\/www.hgg-group.com\/fr\/","logo":{"@type":"ImageObject","inLanguage":"fr-FR","@id":"https:\/\/www.hgg-group.com\/fr\/#\/schema\/logo\/image\/","url":"https:\/\/www.hgg-group.com\/wp-content\/uploads\/2025\/03\/HGG_logo-primair_RGB.png","contentUrl":"https:\/\/www.hgg-group.com\/wp-content\/uploads\/2025\/03\/HGG_logo-primair_RGB.png","width":1097,"height":1337,"caption":"HGG"},"image":{"@id":"https:\/\/www.hgg-group.com\/fr\/#\/schema\/logo\/image\/"}}]}},"_links":{"self":[{"href":"https:\/\/www.hgg-group.com\/fr\/wp-json\/wp\/v2\/pages\/24956","targetHints":{"allow":["GET"]}}],"collection":[{"href":"https:\/\/www.hgg-group.com\/fr\/wp-json\/wp\/v2\/pages"}],"about":[{"href":"https:\/\/www.hgg-group.com\/fr\/wp-json\/wp\/v2\/types\/page"}],"author":[{"embeddable":true,"href":"https:\/\/www.hgg-group.com\/fr\/wp-json\/wp\/v2\/users\/4"}],"replies":[{"embeddable":true,"href":"https:\/\/www.hgg-group.com\/fr\/wp-json\/wp\/v2\/comments?post=24956"}],"version-history":[{"count":4,"href":"https:\/\/www.hgg-group.com\/fr\/wp-json\/wp\/v2\/pages\/24956\/revisions"}],"predecessor-version":[{"id":38503,"href":"https:\/\/www.hgg-group.com\/fr\/wp-json\/wp\/v2\/pages\/24956\/revisions\/38503"}],"wp:attachment":[{"href":"https:\/\/www.hgg-group.com\/fr\/wp-json\/wp\/v2\/media?parent=24956"}],"curies":[{"name":"wp","href":"https:\/\/api.w.org\/{rel}","templated":true}]}}