{"id":24936,"date":"2024-04-23T11:05:23","date_gmt":"2024-04-23T09:05:23","guid":{"rendered":"https:\/\/www.hgg-group.com\/politique-de-confidentialite\/"},"modified":"2024-11-26T15:31:24","modified_gmt":"2024-11-26T14:31:24","slug":"politique-de-confidentialite","status":"publish","type":"page","link":"https:\/\/www.hgg-group.com\/fr\/politique-de-confidentialite\/","title":{"rendered":"Politique de confidentialit\u00e9"},"content":{"rendered":"\t\t<div data-elementor-type=\"wp-page\" data-elementor-id=\"24936\" class=\"elementor elementor-24936 elementor-4713\" data-elementor-post-type=\"page\">\n\t\t\t\t<div class=\"elementor-element elementor-element-15d1a350 e-flex e-con-boxed e-con e-parent\" data-id=\"15d1a350\" data-element_type=\"container\" data-e-type=\"container\" data-settings=\"{&quot;background_background&quot;:&quot;classic&quot;}\">\n\t\t\t\t\t<div class=\"e-con-inner\">\n\t\t<div class=\"elementor-element elementor-element-57f9542d e-con-full e-flex e-con e-child\" data-id=\"57f9542d\" data-element_type=\"container\" data-e-type=\"container\" data-settings=\"{&quot;background_background&quot;:&quot;classic&quot;}\">\n\t\t\t\t<div class=\"elementor-element elementor-element-66f54144 elementor-widget elementor-widget-text-editor\" data-id=\"66f54144\" data-element_type=\"widget\" data-e-type=\"widget\" data-widget_type=\"text-editor.default\">\n\t\t\t\t<div class=\"elementor-widget-container\">\n\t\t\t\t\t\t\t\t\t<p>D\u00e9claration de confidentialit\u00e9 HGG International bv<\/p>\n\t\t\t\t\t\t\t\t<\/div>\n\t\t\t\t<\/div>\n\t\t\t\t<div class=\"elementor-element elementor-element-8bd8f56 elementor-widget elementor-widget-heading\" data-id=\"8bd8f56\" data-element_type=\"widget\" data-e-type=\"widget\" data-widget_type=\"heading.default\">\n\t\t\t\t<div class=\"elementor-widget-container\">\n\t\t\t\t\t<h1 class=\"elementor-heading-title elementor-size-default\">Politique de confidentialit\u00e9<\/h1>\t\t\t\t<\/div>\n\t\t\t\t<\/div>\n\t\t\t\t<\/div>\n\t\t<div class=\"elementor-element elementor-element-3ecfd09a e-flex e-con-boxed e-con e-child\" data-id=\"3ecfd09a\" data-element_type=\"container\" data-e-type=\"container\">\n\t\t\t\t\t<div class=\"e-con-inner\">\n\t\t<div class=\"elementor-element elementor-element-4fcc1624 e-flex e-con-boxed e-con e-child\" data-id=\"4fcc1624\" data-element_type=\"container\" data-e-type=\"container\">\n\t\t\t\t\t<div class=\"e-con-inner\">\n\t\t\t\t\t<\/div>\n\t\t\t\t<\/div>\n\t\t\t\t\t<\/div>\n\t\t\t\t<\/div>\n\t\t\t\t\t<\/div>\n\t\t\t\t<\/div>\n\t\t<div class=\"elementor-element elementor-element-336c49e e-flex e-con-boxed e-con e-parent\" data-id=\"336c49e\" data-element_type=\"container\" data-e-type=\"container\">\n\t\t\t\t\t<div class=\"e-con-inner\">\n\t\t\t\t<div class=\"elementor-element elementor-element-5d80d032 elementor-widget elementor-widget-text-editor\" data-id=\"5d80d032\" data-element_type=\"widget\" data-e-type=\"widget\" data-widget_type=\"text-editor.default\">\n\t\t\t\t<div class=\"elementor-widget-container\">\n\t\t\t\t\t\t\t\t\t<p>Nous nous engageons \u00e0 traiter et \u00e0 g\u00e9rer les donn\u00e9es priv\u00e9es avec le soin qui s&rsquo;impose. Nous appliquons le plus haut niveau de diligence dans le traitement de vos donn\u00e9es, comme le pr\u00e9voit le r\u00e8glement g\u00e9n\u00e9ral sur la protection des donn\u00e9es (RGPD).<\/p><p>HGG International bv (qui comprend HGG Profiling Equipment bv et HGG Profiling Contractors bv), dont le si\u00e8ge social est situ\u00e9 \u00e0 Zuidrak 2, 1771 SW Wieringerwerf, est responsable du traitement des donn\u00e9es priv\u00e9es tel que d\u00e9crit dans la pr\u00e9sente d\u00e9claration de confidentialit\u00e9.<\/p><h2>Coordonn\u00e9es de la personne \u00e0 contacter :<\/h2><p>www.www.hgg-group.com<br \/>Zuidrak 2<br \/>1771 SW Wieringerwerf<br \/>+31 227 50 40 30<\/p><h2>Donn\u00e9es priv\u00e9es que nous traitons<\/h2><p>HGG International bv traite vos donn\u00e9es personnelles parce que vous utilisez nos services et\/ou parce que vous avez fourni des donn\u00e9es personnelles.<\/p><h3>Vous trouverez ci-dessous une liste des donn\u00e9es priv\u00e9es que nous traitons :<\/h3><ul><li>Nom et pr\u00e9nom<\/li><li>Genre<\/li><li>D\u00e9tails de l&rsquo;adresse<\/li><li>Num\u00e9ro de t\u00e9l\u00e9phone<\/li><li>Adresse \u00e9lectronique<\/li><li>Adresse IP<\/li><li>d&rsquo;autres donn\u00e9es priv\u00e9es que vous fournissez activement, par exemple en cr\u00e9ant un profil sur ce site web, par \u00e9crit ou lors d&rsquo;un appel t\u00e9l\u00e9phonique<\/li><li>D\u00e9tails de l&#8217;emplacement<\/li><li>D\u00e9tails de vos activit\u00e9s sur notre site web<\/li><li>Navigateur Internet et type d&rsquo;appareil<\/li><\/ul><p>En ce qui concerne les fournisseurs et\/ou les clients, nous collectons \u00e9galement les donn\u00e9es suivantes :<\/p><ul><li>Coordonn\u00e9es de l&rsquo;entreprise<\/li><li>Coordonn\u00e9es bancaires (num\u00e9ro IBAN, code bancaire, code Swift, BIC)<\/li><li>Num\u00e9ro de TVA<\/li><\/ul><h2>Donn\u00e9es priv\u00e9es sp\u00e9ciales et\/ou sensibles que nous traitons<\/h2><p>Notre site web et\/ou service n&rsquo;a pas l&rsquo;intention de collecter des donn\u00e9es sur les visiteurs du site web \u00e2g\u00e9s de moins de 16 ans, sauf si les parents ou le tuteur ont donn\u00e9 leur autorisation. Toutefois, nous n&rsquo;avons aucun moyen de v\u00e9rifier qu&rsquo;un visiteur est effectivement \u00e2g\u00e9 de plus de 16 ans.<br \/>Nous conseillons donc aux parents de participer activement aux activit\u00e9s en ligne de leurs enfants afin d&rsquo;\u00e9viter que des donn\u00e9es soient collect\u00e9es sur des enfants sans leur autorisation. Si vous \u00eates convaincu que nous avons collect\u00e9 des donn\u00e9es priv\u00e9es sur un mineur sans cette autorisation, veuillez nous contacter \u00e0 l&rsquo;adresse info@hgg-group.com. Nous supprimerons les donn\u00e9es concern\u00e9es.<\/p><h2>Objectif et base juridique<\/h2><p>Cette section pr\u00e9sente la finalit\u00e9 et la base juridique du traitement des donn\u00e9es priv\u00e9es.<br \/>HGG International bv traite vos donn\u00e9es priv\u00e9es pour les objectifs suivants :<\/p><ul><li>Traitement de votre paiement<\/li><li>Envoi de notre lettre d&rsquo;information et\/ou de nos brochures commerciales<\/li><li>Pour pouvoir vous appeler ou vous envoyer un courrier \u00e9lectronique si cela s&rsquo;av\u00e8re n\u00e9cessaire pour la fourniture de nos services.<\/li><li>Pour vous informer des modifications apport\u00e9es \u00e0 nos produits et services<\/li><li>Vous offrir la possibilit\u00e9 de cr\u00e9er un compte<\/li><li>Pour vous fournir des biens et des services.<\/li><li>HGG International bv analyse votre comportement sur le site web afin d&rsquo;am\u00e9liorer le site et de personnaliser la gamme de produits et de services en fonction de vos pr\u00e9f\u00e9rences.<\/li><li>HGG International bv traite \u00e9galement des donn\u00e9es priv\u00e9es si cela est prescrit par la loi, comme par exemple les donn\u00e9es n\u00e9cessaires \u00e0 l&rsquo;\u00e9tablissement de nos d\u00e9clarations fiscales.<\/li><\/ul><h2>Processus de d\u00e9cision automatis\u00e9<\/h2><p>HGG International bv ne prend pas de d\u00e9cisions fond\u00e9es sur un traitement automatis\u00e9 concernant des questions susceptibles d&rsquo;avoir des cons\u00e9quences importantes pour les personnes. Il s&rsquo;agit de d\u00e9cisions qui sont prises par des programmes ou des syst\u00e8mes informatiques sans aucune intervention humaine (par exemple un employ\u00e9 de HGG International bv).<\/p><h2>Dur\u00e9e de conservation des donn\u00e9es priv\u00e9es<\/h2><p>HGG International bv ne conserve vos donn\u00e9es priv\u00e9es que le temps strictement n\u00e9cessaire \u00e0 la r\u00e9alisation des objectifs pour lesquels vos donn\u00e9es ont \u00e9t\u00e9 collect\u00e9es. Nous appliquons les d\u00e9lais de conservation suivants pour les donn\u00e9es priv\u00e9es et les cat\u00e9gories de donn\u00e9es suivantes :<\/p><h4>Donn\u00e9es du fournisseur<\/h4><p>Les donn\u00e9es d&rsquo;entreprise concernant nos fournisseurs et les d\u00e9tails de nos contacts dans l&rsquo;organisation concern\u00e9e sont stock\u00e9s dans notre base de donn\u00e9es pour la dur\u00e9e de la collaboration. Le fournisseur est ind\u00e9pendamment responsable de la fourniture et de la mise \u00e0 jour des donn\u00e9es priv\u00e9es de ses contacts et\/ou de ses gestionnaires de comptes. Deux ans apr\u00e8s la fin de notre collaboration avec le fournisseur, nous supprimons les donn\u00e9es de contact des fournisseurs de notre base de donn\u00e9es. L&rsquo;historique des commandes est conserv\u00e9 pendant 10 ans \u00e0 des fins de service et d&rsquo;apr\u00e8s-vente.<\/p><h4>Donn\u00e9es sur les clients<\/h4><p>Les donn\u00e9es relatives aux clients et l&rsquo;historique de leurs achats sont conserv\u00e9s pendant une p\u00e9riode de 20 ans \u00e0 compter de la date d&rsquo;achat d&rsquo;un produit et\/ou d&rsquo;un service. Cela est n\u00e9cessaire pour fournir un service \u00e0 long terme (au moins pendant la dur\u00e9e de vie \u00e9conomique de la machine) et pour garantir et\/ou tracer la qualit\u00e9 des produits ou des services de d\u00e9coupe.<\/p><h4>Donn\u00e9es priv\u00e9es \u00e0 des fins commerciales<\/h4><p>Les donn\u00e9es priv\u00e9es \u00e0 des fins commerciales que vous nous fournissez en remplissant un formulaire en ligne ou sur papier sont conserv\u00e9es jusqu&rsquo;\u00e0 ce qu&rsquo;elles ne soient plus n\u00e9cessaires \u00e0 l&rsquo;ex\u00e9cution des actions correspondantes conform\u00e9ment au formulaire. Si vous vous inscrivez \u00e0 notre lettre d&rsquo;information, \u00e0 laquelle vous \u00eates ajout\u00e9 exclusivement apr\u00e8s avoir donn\u00e9 votre autorisation explicite, nous continuerons \u00e0 vous informer de nos services, produits, \u00e9v\u00e9nements et articles de connaissance par le biais de la lettre d&rsquo;information jusqu&rsquo;\u00e0 ce que vous vous d\u00e9sinscriviez de nos lettres d&rsquo;information, ou si vous n&rsquo;avez pas ouvert nos messages pendant deux ans. Chaque lettre d&rsquo;information contient un lien sur lequel vous pouvez cliquer pour vous d\u00e9sinscrire de nos communications commerciales et\/ou pour consulter et mettre \u00e0 jour vos donn\u00e9es personnelles.<\/p><p>Si vous vous inscrivez verbalement \u00e0 nos bulletins d&rsquo;information, nous appliquons \u00e9galement la m\u00e9thode de travail susmentionn\u00e9e apr\u00e8s v\u00e9rification par courrier \u00e9lectronique.<\/p><h2>Partage de donn\u00e9es priv\u00e9es avec des tiers<\/h2><p>HGG International bv ne vend pas vos donn\u00e9es \u00e0 des tiers et ne les fournit que si cela est n\u00e9cessaire \u00e0 l&rsquo;ex\u00e9cution de notre contrat ou si cela r\u00e9pond \u00e0 une obligation l\u00e9gale. Nous concluons un accord de sous-traitance avec les entreprises qui traitent vos donn\u00e9es selon nos instructions afin de garantir qu&rsquo;elles appliquent le m\u00eame niveau de s\u00e9curit\u00e9 et de confidentialit\u00e9 de vos donn\u00e9es. HGG International bv reste responsable de ce traitement.<\/p><h2>Cookies ou m\u00e9thodes similaires que nous utilisons<\/h2><p>HGG International bv utilise des cookies fonctionnels, analytiques et de suivi. Un cookie est un petit fichier texte qui est stock\u00e9 dans le navigateur de votre ordinateur, tablette ou smartphone lors de la premi\u00e8re visite sur ce site web. HGG International bv n&rsquo;utilise que des cookies ayant des fonctionnalit\u00e9s purement techniques. Ces cookies garantissent le bon fonctionnement du site web et, par exemple, l&rsquo;enregistrement de vos pr\u00e9f\u00e9rences. Ces cookies sont \u00e9galement utilis\u00e9s pour optimiser et garantir le bon fonctionnement du site web. En outre, nous pla\u00e7ons des cookies qui surveillent votre comportement de navigation, ce qui nous permet de vous proposer des contenus et des publicit\u00e9s personnalis\u00e9s.<\/p><p>Lors de votre premi\u00e8re visite sur notre site web, nous vous avons inform\u00e9 de l&rsquo;existence de ces cookies et vous avons demand\u00e9 la permission de les placer.<\/p><p>Vous pouvez d\u00e9sapprouver ces cookies en param\u00e9trant votre navigateur Internet de mani\u00e8re \u00e0 ce qu&rsquo;il ne stocke plus de cookies. En outre, vous pouvez \u00e9galement supprimer toute information stock\u00e9e pr\u00e9c\u00e9demment en modifiant les param\u00e8tres de votre navigateur. Pour plus d&rsquo;informations : https:\/\/veiliginternetten.nl\/themes\/situatie\/cookies-wat-zijn-het-en-wat-doe-ik-ermee\/<\/p><p>Ce site web installe \u00e9galement des cookies de tiers. Il s&rsquo;agit notamment d&rsquo;annonceurs et\/ou de soci\u00e9t\u00e9s de m\u00e9dias sociaux. Les cookies que nous pla\u00e7ons sont les suivants :<\/p><ul><li>Double clic<\/li><li>Connexion \u00e0 Facebook<\/li><li>Audience personnalis\u00e9e sur Facebook<\/li><li>Public de l&rsquo;AG<\/li><li>Ressort \u00e0 aiguiser<\/li><li>Gestionnaire de balises Google<\/li><\/ul><h2>Visualiser, modifier ou supprimer des donn\u00e9es<\/h2><p>Vous avez le droit de consulter, de corriger ou de supprimer vos donn\u00e9es personnelles. En outre, vous avez le droit de retirer les autorisations que vous avez accord\u00e9es concernant le traitement des donn\u00e9es priv\u00e9es, ou de vous opposer au traitement de vos donn\u00e9es priv\u00e9es par HGG International bv, et vous avez \u00e9galement le droit de transf\u00e9rer vos donn\u00e9es. Cela signifie que vous pouvez nous envoyer une demande de transmission d&rsquo;un fichier informatique contenant les donn\u00e9es priv\u00e9es que nous conservons \u00e0 votre sujet, soit \u00e0 vous-m\u00eame, soit \u00e0 l&rsquo;organisation que vous avez d\u00e9sign\u00e9e.<\/p><p>Vous pouvez envoyer une telle demande de consultation, de mise \u00e0 jour ou de transfert de vos donn\u00e9es priv\u00e9es, ou une demande de retrait de votre autorisation ou de votre opposition au traitement de vos donn\u00e9es priv\u00e9es, \u00e0 info@hgg-group.com.<\/p><p>Afin de v\u00e9rifier que c&rsquo;est bien vous, la personne autoris\u00e9e, qui faites une telle demande, nous vous demandons d&rsquo;envoyer une copie de votre preuve d&rsquo;identit\u00e9. Sur cette copie, veuillez noircir votre photo, la MRZ (Machine Readable Zone, la bande avec les chiffres en bas de la page de la photo de votre passeport), votre num\u00e9ro de passeport et votre BSN (num\u00e9ro de s\u00e9curit\u00e9 sociale). Cela permet de prot\u00e9ger votre vie priv\u00e9e. Nous r\u00e9pondrons \u00e0 votre demande le plus rapidement possible et au plus tard dans un d\u00e9lai de quatre semaines.<\/p><p>HGG International bv souhaite \u00e9galement souligner que vous avez la possibilit\u00e9 de d\u00e9poser une plainte aupr\u00e8s de l&rsquo;organe de contr\u00f4le national, l&rsquo;Autorit\u00e9 de protection des donn\u00e9es priv\u00e9es. Vous pouvez le faire via le lien suivant : https:\/\/autoriteitpersoonsgegevens.nl\/nl\/contact-met-de-autoriteit-persoonsgegevens\/tip-ons<\/p><h2>Comment nous assurons la s\u00e9curit\u00e9 des donn\u00e9es priv\u00e9es<\/h2><p>HGG International bv s&rsquo;engage \u00e0 prot\u00e9ger vos donn\u00e9es en prenant des mesures appropri\u00e9es contre les abus, les pertes, les acc\u00e8s non autoris\u00e9s, les publications ind\u00e9sirables et les modifications non autoris\u00e9es. Si vous avez l&rsquo;impression que vos donn\u00e9es ne sont pas suffisamment s\u00e9curis\u00e9es ou si vous avez des indices d&rsquo;une utilisation non autoris\u00e9e, veuillez contacter notre service client\u00e8le ou info@hgg-group.com.<\/p>\t\t\t\t\t\t\t\t<\/div>\n\t\t\t\t<\/div>\n\t\t\t\t\t<\/div>\n\t\t\t\t<\/div>\n\t\t\t\t<\/div>\n\t\t","protected":false},"excerpt":{"rendered":"<p>D\u00e9claration de confidentialit\u00e9 HGG International bv Politique de confidentialit\u00e9 Nous nous engageons \u00e0 traiter et \u00e0 g\u00e9rer les donn\u00e9es priv\u00e9es avec le soin qui s&rsquo;impose. Nous appliquons le plus haut niveau de diligence dans le traitement de vos donn\u00e9es, comme le pr\u00e9voit le r\u00e8glement g\u00e9n\u00e9ral sur la protection des donn\u00e9es (RGPD). HGG International bv (qui [&hellip;]<\/p>\n","protected":false},"author":4,"featured_media":0,"parent":0,"menu_order":0,"comment_status":"closed","ping_status":"closed","template":"","meta":{"_acf_changed":false,"content-type":"","inline_featured_image":false,"footnotes":""},"class_list":["post-24936","page","type-page","status-publish","hentry"],"acf":[],"yoast_head":"<!-- This site is optimized with the Yoast SEO plugin v27.5 - https:\/\/yoast.com\/product\/yoast-seo-wordpress\/ -->\n<title>Politique de confidentialit\u00e9 - HGG Group We Revolutionize The World Of Steel<\/title>\n<meta name=\"description\" content=\"La politique de confidentialit\u00e9 de HGG explique comment l&#039;entreprise collecte, utilise et prot\u00e8ge les donn\u00e9es personnelles des utilisateurs. Elle couvre des sujets tels que les m\u00e9thodes de collecte des donn\u00e9es, l&#039;objectif du traitement des donn\u00e9es, les droits des utilisateurs concernant leurs informations personnelles et les mesures prises pour garantir la s\u00e9curit\u00e9 des donn\u00e9es. La politique explique \u00e9galement comment les utilisateurs peuvent g\u00e9rer ou demander la suppression de leurs donn\u00e9es.\" \/>\n<meta name=\"robots\" content=\"index, follow, max-snippet:-1, max-image-preview:large, max-video-preview:-1\" \/>\n<link rel=\"canonical\" href=\"https:\/\/www.hgg-group.com\/fr\/politique-de-confidentialite\/\" \/>\n<meta property=\"og:locale\" content=\"fr_FR\" \/>\n<meta property=\"og:type\" content=\"article\" \/>\n<meta property=\"og:title\" content=\"Politique de confidentialit\u00e9 - HGG Group We Revolutionize The World Of Steel\" \/>\n<meta property=\"og:description\" content=\"La politique de confidentialit\u00e9 de HGG explique comment l&#039;entreprise collecte, utilise et prot\u00e8ge les donn\u00e9es personnelles des utilisateurs. Elle couvre des sujets tels que les m\u00e9thodes de collecte des donn\u00e9es, l&#039;objectif du traitement des donn\u00e9es, les droits des utilisateurs concernant leurs informations personnelles et les mesures prises pour garantir la s\u00e9curit\u00e9 des donn\u00e9es. La politique explique \u00e9galement comment les utilisateurs peuvent g\u00e9rer ou demander la suppression de leurs donn\u00e9es.\" \/>\n<meta property=\"og:url\" content=\"https:\/\/www.hgg-group.com\/fr\/politique-de-confidentialite\/\" \/>\n<meta property=\"og:site_name\" content=\"HGG Group\" \/>\n<meta property=\"article:modified_time\" content=\"2024-11-26T14:31:24+00:00\" \/>\n<meta name=\"twitter:card\" content=\"summary_large_image\" \/>\n<meta name=\"twitter:label1\" content=\"Dur\u00e9e de lecture estim\u00e9e\" \/>\n\t<meta name=\"twitter:data1\" content=\"8 minutes\" \/>\n<script type=\"application\/ld+json\" class=\"yoast-schema-graph\">{\"@context\":\"https:\\\/\\\/schema.org\",\"@graph\":[{\"@type\":\"WebPage\",\"@id\":\"https:\\\/\\\/www.hgg-group.com\\\/fr\\\/politique-de-confidentialite\\\/\",\"url\":\"https:\\\/\\\/www.hgg-group.com\\\/fr\\\/politique-de-confidentialite\\\/\",\"name\":\"Politique de confidentialit\u00e9 - HGG Group We Revolutionize The World Of Steel\",\"isPartOf\":{\"@id\":\"https:\\\/\\\/www.hgg-group.com\\\/fr\\\/#website\"},\"datePublished\":\"2024-04-23T09:05:23+00:00\",\"dateModified\":\"2024-11-26T14:31:24+00:00\",\"description\":\"La politique de confidentialit\u00e9 de HGG explique comment l'entreprise collecte, utilise et prot\u00e8ge les donn\u00e9es personnelles des utilisateurs. Elle couvre des sujets tels que les m\u00e9thodes de collecte des donn\u00e9es, l'objectif du traitement des donn\u00e9es, les droits des utilisateurs concernant leurs informations personnelles et les mesures prises pour garantir la s\u00e9curit\u00e9 des donn\u00e9es. La politique explique \u00e9galement comment les utilisateurs peuvent g\u00e9rer ou demander la suppression de leurs donn\u00e9es.\",\"breadcrumb\":{\"@id\":\"https:\\\/\\\/www.hgg-group.com\\\/fr\\\/politique-de-confidentialite\\\/#breadcrumb\"},\"inLanguage\":\"fr-FR\",\"potentialAction\":[{\"@type\":\"ReadAction\",\"target\":[\"https:\\\/\\\/www.hgg-group.com\\\/fr\\\/politique-de-confidentialite\\\/\"]}]},{\"@type\":\"BreadcrumbList\",\"@id\":\"https:\\\/\\\/www.hgg-group.com\\\/fr\\\/politique-de-confidentialite\\\/#breadcrumb\",\"itemListElement\":[{\"@type\":\"ListItem\",\"position\":1,\"name\":\"Home\",\"item\":\"https:\\\/\\\/www.hgg-group.com\\\/fr\\\/accueil\\\/\"},{\"@type\":\"ListItem\",\"position\":2,\"name\":\"Politique de confidentialit\u00e9\"}]},{\"@type\":\"WebSite\",\"@id\":\"https:\\\/\\\/www.hgg-group.com\\\/fr\\\/#website\",\"url\":\"https:\\\/\\\/www.hgg-group.com\\\/fr\\\/\",\"name\":\"HGG Group\",\"description\":\"We Revolutionize The World Of Steel\",\"publisher\":{\"@id\":\"https:\\\/\\\/www.hgg-group.com\\\/fr\\\/#organization\"},\"potentialAction\":[{\"@type\":\"SearchAction\",\"target\":{\"@type\":\"EntryPoint\",\"urlTemplate\":\"https:\\\/\\\/www.hgg-group.com\\\/fr\\\/?s={search_term_string}\"},\"query-input\":{\"@type\":\"PropertyValueSpecification\",\"valueRequired\":true,\"valueName\":\"search_term_string\"}}],\"inLanguage\":\"fr-FR\"},{\"@type\":\"Organization\",\"@id\":\"https:\\\/\\\/www.hgg-group.com\\\/fr\\\/#organization\",\"name\":\"HGG\",\"url\":\"https:\\\/\\\/www.hgg-group.com\\\/fr\\\/\",\"logo\":{\"@type\":\"ImageObject\",\"inLanguage\":\"fr-FR\",\"@id\":\"https:\\\/\\\/www.hgg-group.com\\\/fr\\\/#\\\/schema\\\/logo\\\/image\\\/\",\"url\":\"https:\\\/\\\/www.hgg-group.com\\\/wp-content\\\/uploads\\\/2025\\\/03\\\/HGG_logo-primair_RGB.png\",\"contentUrl\":\"https:\\\/\\\/www.hgg-group.com\\\/wp-content\\\/uploads\\\/2025\\\/03\\\/HGG_logo-primair_RGB.png\",\"width\":1097,\"height\":1337,\"caption\":\"HGG\"},\"image\":{\"@id\":\"https:\\\/\\\/www.hgg-group.com\\\/fr\\\/#\\\/schema\\\/logo\\\/image\\\/\"}}]}<\/script>\n<!-- \/ Yoast SEO plugin. -->","yoast_head_json":{"title":"Politique de confidentialit\u00e9 - HGG Group We Revolutionize The World Of Steel","description":"La politique de confidentialit\u00e9 de HGG explique comment l'entreprise collecte, utilise et prot\u00e8ge les donn\u00e9es personnelles des utilisateurs. Elle couvre des sujets tels que les m\u00e9thodes de collecte des donn\u00e9es, l'objectif du traitement des donn\u00e9es, les droits des utilisateurs concernant leurs informations personnelles et les mesures prises pour garantir la s\u00e9curit\u00e9 des donn\u00e9es. La politique explique \u00e9galement comment les utilisateurs peuvent g\u00e9rer ou demander la suppression de leurs donn\u00e9es.","robots":{"index":"index","follow":"follow","max-snippet":"max-snippet:-1","max-image-preview":"max-image-preview:large","max-video-preview":"max-video-preview:-1"},"canonical":"https:\/\/www.hgg-group.com\/fr\/politique-de-confidentialite\/","og_locale":"fr_FR","og_type":"article","og_title":"Politique de confidentialit\u00e9 - HGG Group We Revolutionize The World Of Steel","og_description":"La politique de confidentialit\u00e9 de HGG explique comment l'entreprise collecte, utilise et prot\u00e8ge les donn\u00e9es personnelles des utilisateurs. Elle couvre des sujets tels que les m\u00e9thodes de collecte des donn\u00e9es, l'objectif du traitement des donn\u00e9es, les droits des utilisateurs concernant leurs informations personnelles et les mesures prises pour garantir la s\u00e9curit\u00e9 des donn\u00e9es. La politique explique \u00e9galement comment les utilisateurs peuvent g\u00e9rer ou demander la suppression de leurs donn\u00e9es.","og_url":"https:\/\/www.hgg-group.com\/fr\/politique-de-confidentialite\/","og_site_name":"HGG Group","article_modified_time":"2024-11-26T14:31:24+00:00","twitter_card":"summary_large_image","twitter_misc":{"Dur\u00e9e de lecture estim\u00e9e":"8 minutes"},"schema":{"@context":"https:\/\/schema.org","@graph":[{"@type":"WebPage","@id":"https:\/\/www.hgg-group.com\/fr\/politique-de-confidentialite\/","url":"https:\/\/www.hgg-group.com\/fr\/politique-de-confidentialite\/","name":"Politique de confidentialit\u00e9 - HGG Group We Revolutionize The World Of Steel","isPartOf":{"@id":"https:\/\/www.hgg-group.com\/fr\/#website"},"datePublished":"2024-04-23T09:05:23+00:00","dateModified":"2024-11-26T14:31:24+00:00","description":"La politique de confidentialit\u00e9 de HGG explique comment l'entreprise collecte, utilise et prot\u00e8ge les donn\u00e9es personnelles des utilisateurs. Elle couvre des sujets tels que les m\u00e9thodes de collecte des donn\u00e9es, l'objectif du traitement des donn\u00e9es, les droits des utilisateurs concernant leurs informations personnelles et les mesures prises pour garantir la s\u00e9curit\u00e9 des donn\u00e9es. La politique explique \u00e9galement comment les utilisateurs peuvent g\u00e9rer ou demander la suppression de leurs donn\u00e9es.","breadcrumb":{"@id":"https:\/\/www.hgg-group.com\/fr\/politique-de-confidentialite\/#breadcrumb"},"inLanguage":"fr-FR","potentialAction":[{"@type":"ReadAction","target":["https:\/\/www.hgg-group.com\/fr\/politique-de-confidentialite\/"]}]},{"@type":"BreadcrumbList","@id":"https:\/\/www.hgg-group.com\/fr\/politique-de-confidentialite\/#breadcrumb","itemListElement":[{"@type":"ListItem","position":1,"name":"Home","item":"https:\/\/www.hgg-group.com\/fr\/accueil\/"},{"@type":"ListItem","position":2,"name":"Politique de confidentialit\u00e9"}]},{"@type":"WebSite","@id":"https:\/\/www.hgg-group.com\/fr\/#website","url":"https:\/\/www.hgg-group.com\/fr\/","name":"HGG Group","description":"We Revolutionize The World Of Steel","publisher":{"@id":"https:\/\/www.hgg-group.com\/fr\/#organization"},"potentialAction":[{"@type":"SearchAction","target":{"@type":"EntryPoint","urlTemplate":"https:\/\/www.hgg-group.com\/fr\/?s={search_term_string}"},"query-input":{"@type":"PropertyValueSpecification","valueRequired":true,"valueName":"search_term_string"}}],"inLanguage":"fr-FR"},{"@type":"Organization","@id":"https:\/\/www.hgg-group.com\/fr\/#organization","name":"HGG","url":"https:\/\/www.hgg-group.com\/fr\/","logo":{"@type":"ImageObject","inLanguage":"fr-FR","@id":"https:\/\/www.hgg-group.com\/fr\/#\/schema\/logo\/image\/","url":"https:\/\/www.hgg-group.com\/wp-content\/uploads\/2025\/03\/HGG_logo-primair_RGB.png","contentUrl":"https:\/\/www.hgg-group.com\/wp-content\/uploads\/2025\/03\/HGG_logo-primair_RGB.png","width":1097,"height":1337,"caption":"HGG"},"image":{"@id":"https:\/\/www.hgg-group.com\/fr\/#\/schema\/logo\/image\/"}}]}},"_links":{"self":[{"href":"https:\/\/www.hgg-group.com\/fr\/wp-json\/wp\/v2\/pages\/24936","targetHints":{"allow":["GET"]}}],"collection":[{"href":"https:\/\/www.hgg-group.com\/fr\/wp-json\/wp\/v2\/pages"}],"about":[{"href":"https:\/\/www.hgg-group.com\/fr\/wp-json\/wp\/v2\/types\/page"}],"author":[{"embeddable":true,"href":"https:\/\/www.hgg-group.com\/fr\/wp-json\/wp\/v2\/users\/4"}],"replies":[{"embeddable":true,"href":"https:\/\/www.hgg-group.com\/fr\/wp-json\/wp\/v2\/comments?post=24936"}],"version-history":[{"count":3,"href":"https:\/\/www.hgg-group.com\/fr\/wp-json\/wp\/v2\/pages\/24936\/revisions"}],"predecessor-version":[{"id":32780,"href":"https:\/\/www.hgg-group.com\/fr\/wp-json\/wp\/v2\/pages\/24936\/revisions\/32780"}],"wp:attachment":[{"href":"https:\/\/www.hgg-group.com\/fr\/wp-json\/wp\/v2\/media?parent=24936"}],"curies":[{"name":"wp","href":"https:\/\/api.w.org\/{rel}","templated":true}]}}