{"id":24959,"date":"2024-04-23T11:03:07","date_gmt":"2024-04-23T09:03:07","guid":{"rendered":"https:\/\/www.hgg-group.com\/condiciones-generales-2\/"},"modified":"2024-11-26T15:37:15","modified_gmt":"2024-11-26T14:37:15","slug":"condiciones-generales","status":"publish","type":"page","link":"https:\/\/www.hgg-group.com\/es\/condiciones-generales\/","title":{"rendered":"Descargo de responsabilidad"},"content":{"rendered":"\t\t<div data-elementor-type=\"wp-page\" data-elementor-id=\"24959\" class=\"elementor elementor-24959 elementor-4701\" data-elementor-post-type=\"page\">\n\t\t\t\t<div class=\"elementor-element elementor-element-15d1a350 e-flex e-con-boxed e-con e-parent\" data-id=\"15d1a350\" data-element_type=\"container\" data-e-type=\"container\" data-settings=\"{&quot;background_background&quot;:&quot;classic&quot;}\">\n\t\t\t\t\t<div class=\"e-con-inner\">\n\t\t<div class=\"elementor-element elementor-element-57f9542d e-con-full e-flex e-con e-child\" data-id=\"57f9542d\" data-element_type=\"container\" data-e-type=\"container\">\n\t\t\t\t<div class=\"elementor-element elementor-element-66f54144 elementor-widget elementor-widget-text-editor\" data-id=\"66f54144\" data-element_type=\"widget\" data-e-type=\"widget\" data-widget_type=\"text-editor.default\">\n\t\t\t\t<div class=\"elementor-widget-container\">\n\t\t\t\t\t\t\t\t\t<p>Descargo de responsabilidad<\/p>\n\t\t\t\t\t\t\t\t<\/div>\n\t\t\t\t<\/div>\n\t\t\t\t<div class=\"elementor-element elementor-element-8bd8f56 elementor-widget elementor-widget-heading\" data-id=\"8bd8f56\" data-element_type=\"widget\" data-e-type=\"widget\" data-widget_type=\"heading.default\">\n\t\t\t\t<div class=\"elementor-widget-container\">\n\t\t\t\t\t<h1 class=\"elementor-heading-title elementor-size-default\">Descargo de responsabilidad<\/h1>\t\t\t\t<\/div>\n\t\t\t\t<\/div>\n\t\t\t\t<\/div>\n\t\t<div class=\"elementor-element elementor-element-3ecfd09a e-flex e-con-boxed e-con e-child\" data-id=\"3ecfd09a\" data-element_type=\"container\" data-e-type=\"container\">\n\t\t\t\t\t<div class=\"e-con-inner\">\n\t\t<div class=\"elementor-element elementor-element-4fcc1624 e-flex e-con-boxed e-con e-child\" data-id=\"4fcc1624\" data-element_type=\"container\" data-e-type=\"container\">\n\t\t\t\t\t<div class=\"e-con-inner\">\n\t\t\t\t\t<\/div>\n\t\t\t\t<\/div>\n\t\t\t\t\t<\/div>\n\t\t\t\t<\/div>\n\t\t\t\t\t<\/div>\n\t\t\t\t<\/div>\n\t\t<div class=\"elementor-element elementor-element-336c49e e-flex e-con-boxed e-con e-parent\" data-id=\"336c49e\" data-element_type=\"container\" data-e-type=\"container\">\n\t\t\t\t\t<div class=\"e-con-inner\">\n\t\t\t\t<div class=\"elementor-element elementor-element-5d80d032 elementor-widget elementor-widget-text-editor\" data-id=\"5d80d032\" data-element_type=\"widget\" data-e-type=\"widget\" data-widget_type=\"text-editor.default\">\n\t\t\t\t<div class=\"elementor-widget-container\">\n\t\t\t\t\t\t\t\t\t<p>La empresa HGG ofrece el sitio web www.www.hgg-group.com como un servicio al p\u00fablico y a los propietarios de sitios web.<br \/>\nEste sitio web, cuya informaci\u00f3n es proporcionada por HGG, ha sido elaborado con el m\u00e1ximo cuidado.<br \/>\nLa informaci\u00f3n contenida en este sitio web tiene \u00fanicamente fines de informaci\u00f3n general y no se puede derivar ning\u00fan derecho de su contenido.  <\/p>\n<p>Asimismo, tenga en cuenta que la informaci\u00f3n de este sitio web puede modificarse, a\u00f1adirse o eliminarse en cualquier momento sin previo aviso.<br \/>\nAunque se hace todo lo posible por garantizar la exactitud de la informaci\u00f3n publicada en este sitio web, HGG no asume responsabilidad alguna por los da\u00f1os o p\u00e9rdidas derivados del uso de este sitio web o de su contenido, como por ejemplo, aunque no exclusivamente, los relacionados con el uso de informaci\u00f3n err\u00f3nea o la descarga de datos.<br \/>\nPor lo tanto, cualquier confianza que deposite en dicha informaci\u00f3n ser\u00e1 estrictamente por su cuenta y riesgo.  <\/p>\n<h3>Derechos de autor<\/h3>\n<p>La empresa HGG es propietaria de los derechos de autor de los contenidos publicados (todos los textos, im\u00e1genes, gr\u00e1ficos, animaciones, v\u00eddeos, sonidos y cualquier otro contenido de este sitio web ) en el sitio web, excepto cuando se indique lo contrario mediante un aviso de propiedad de terceros.<br \/>\nLas im\u00e1genes, marcas comerciales y marcas tambi\u00e9n est\u00e1n protegidas por otras leyes de propiedad intelectual y no deben reproducirse ni apropiarse de ellas de ninguna manera sin el permiso por escrito de sus respectivos propietarios.<br \/>\nLos contenidos mencionados no pueden ser duplicados, modificados o utilizados en otras publicaciones electr\u00f3nicas o impresas sin el consentimiento previo de la empresa HGG.<br \/>\nA menos que est\u00e9 espec\u00edficamente prohibido por un aviso publicado en cualquier p\u00e1gina, puede hacer una copia impresa de las partes del sitio web que pueda necesitar razonablemente para su uso personal, siempre que cualquier copia lleve adjuntos los avisos de propiedad y\/o descargos de responsabilidad pertinentes.<br \/>\nCualquier otro uso est\u00e1 prohibido.    <\/p>\n<h3>Responsabilidad<\/h3>\n<p>En ning\u00fan caso seremos responsables de cualquier p\u00e9rdida o da\u00f1o, incluyendo sin limitaci\u00f3n, p\u00e9rdidas o da\u00f1os indirectos o consecuentes, o cualquier p\u00e9rdida o da\u00f1o derivado de la p\u00e9rdida de datos o beneficios que surjan de, o en conexi\u00f3n con, el uso de esta p\u00e1gina web.<\/p>\n<p>A trav\u00e9s de este sitio web puede enlazar con otros sitios web que no est\u00e1n bajo el control de HGG.<br \/>\nNo tenemos ning\u00fan control sobre la naturaleza, el contenido y la disponibilidad de esos sitios.<br \/>\nLa inclusi\u00f3n de cualquier enlace no implica necesariamente una recomendaci\u00f3n ni respalda las opiniones expresadas en ellos.  <\/p>\n<p>Hacemos todo lo posible para que el sitio web funcione sin problemas.<br \/>\nSin embargo, HGG no se responsabiliza de que el sitio web no est\u00e9 disponible temporalmente debido a problemas t\u00e9cnicos ajenos a nuestra voluntad. <\/p>\n\t\t\t\t\t\t\t\t<\/div>\n\t\t\t\t<\/div>\n\t\t\t\t\t<\/div>\n\t\t\t\t<\/div>\n\t\t\t\t<\/div>\n\t\t","protected":false},"excerpt":{"rendered":"<p>Descargo de responsabilidad Descargo de responsabilidad La empresa HGG ofrece el sitio web www.www.hgg-group.com como un servicio al p\u00fablico y a los propietarios de sitios web. Este sitio web, cuya informaci\u00f3n es proporcionada por HGG, ha sido elaborado con el m\u00e1ximo cuidado. La informaci\u00f3n contenida en este sitio web tiene \u00fanicamente fines de informaci\u00f3n general [&hellip;]<\/p>\n","protected":false},"author":4,"featured_media":0,"parent":0,"menu_order":0,"comment_status":"closed","ping_status":"closed","template":"","meta":{"_acf_changed":false,"content-type":"","inline_featured_image":false,"footnotes":""},"class_list":["post-24959","page","type-page","status-publish","hentry"],"acf":[],"yoast_head":"<!-- This site is optimized with the Yoast SEO plugin v27.5 - https:\/\/yoast.com\/product\/yoast-seo-wordpress\/ -->\n<title>Descargo de responsabilidad - HGG Group 3D Profiling Specialists<\/title>\n<meta name=\"description\" content=\"La p\u00e1gina de t\u00e9rminos y condiciones de HGG describe el marco legal que rige el uso de su sitio web y sus servicios. Abarca temas como los derechos de propiedad intelectual, las responsabilidades del usuario, las limitaciones de responsabilidad y las condiciones relacionadas con la compra o el uso de sus productos. Se recomienda a los usuarios que revisen detenidamente las condiciones para garantizar el cumplimiento de las directrices establecidas.\" \/>\n<meta name=\"robots\" content=\"index, follow, max-snippet:-1, max-image-preview:large, max-video-preview:-1\" \/>\n<link rel=\"canonical\" href=\"https:\/\/www.hgg-group.com\/es\/condiciones-generales\/\" \/>\n<meta property=\"og:locale\" content=\"es_ES\" \/>\n<meta property=\"og:type\" content=\"article\" \/>\n<meta property=\"og:title\" content=\"Descargo de responsabilidad - HGG Group 3D Profiling Specialists\" \/>\n<meta property=\"og:description\" content=\"La p\u00e1gina de t\u00e9rminos y condiciones de HGG describe el marco legal que rige el uso de su sitio web y sus servicios. Abarca temas como los derechos de propiedad intelectual, las responsabilidades del usuario, las limitaciones de responsabilidad y las condiciones relacionadas con la compra o el uso de sus productos. Se recomienda a los usuarios que revisen detenidamente las condiciones para garantizar el cumplimiento de las directrices establecidas.\" \/>\n<meta property=\"og:url\" content=\"https:\/\/www.hgg-group.com\/es\/condiciones-generales\/\" \/>\n<meta property=\"og:site_name\" content=\"HGG Group\" \/>\n<meta property=\"article:modified_time\" content=\"2024-11-26T14:37:15+00:00\" \/>\n<meta name=\"twitter:card\" content=\"summary_large_image\" \/>\n<meta name=\"twitter:label1\" content=\"Tiempo de lectura\" \/>\n\t<meta name=\"twitter:data1\" content=\"3 minutos\" \/>\n<script type=\"application\/ld+json\" class=\"yoast-schema-graph\">{\"@context\":\"https:\\\/\\\/schema.org\",\"@graph\":[{\"@type\":\"WebPage\",\"@id\":\"https:\\\/\\\/www.hgg-group.com\\\/es\\\/condiciones-generales\\\/\",\"url\":\"https:\\\/\\\/www.hgg-group.com\\\/es\\\/condiciones-generales\\\/\",\"name\":\"Descargo de responsabilidad - HGG Group 3D Profiling Specialists\",\"isPartOf\":{\"@id\":\"https:\\\/\\\/www.hgg-group.com\\\/es\\\/#website\"},\"datePublished\":\"2024-04-23T09:03:07+00:00\",\"dateModified\":\"2024-11-26T14:37:15+00:00\",\"description\":\"La p\u00e1gina de t\u00e9rminos y condiciones de HGG describe el marco legal que rige el uso de su sitio web y sus servicios. Abarca temas como los derechos de propiedad intelectual, las responsabilidades del usuario, las limitaciones de responsabilidad y las condiciones relacionadas con la compra o el uso de sus productos. Se recomienda a los usuarios que revisen detenidamente las condiciones para garantizar el cumplimiento de las directrices establecidas.\",\"breadcrumb\":{\"@id\":\"https:\\\/\\\/www.hgg-group.com\\\/es\\\/condiciones-generales\\\/#breadcrumb\"},\"inLanguage\":\"es\",\"potentialAction\":[{\"@type\":\"ReadAction\",\"target\":[\"https:\\\/\\\/www.hgg-group.com\\\/es\\\/condiciones-generales\\\/\"]}]},{\"@type\":\"BreadcrumbList\",\"@id\":\"https:\\\/\\\/www.hgg-group.com\\\/es\\\/condiciones-generales\\\/#breadcrumb\",\"itemListElement\":[{\"@type\":\"ListItem\",\"position\":1,\"name\":\"Home\",\"item\":\"https:\\\/\\\/www.hgg-group.com\\\/es\\\/inicio\\\/\"},{\"@type\":\"ListItem\",\"position\":2,\"name\":\"Descargo de responsabilidad\"}]},{\"@type\":\"WebSite\",\"@id\":\"https:\\\/\\\/www.hgg-group.com\\\/es\\\/#website\",\"url\":\"https:\\\/\\\/www.hgg-group.com\\\/es\\\/\",\"name\":\"HGG Group\",\"description\":\"3D Profiling Specialists\",\"publisher\":{\"@id\":\"https:\\\/\\\/www.hgg-group.com\\\/es\\\/#organization\"},\"potentialAction\":[{\"@type\":\"SearchAction\",\"target\":{\"@type\":\"EntryPoint\",\"urlTemplate\":\"https:\\\/\\\/www.hgg-group.com\\\/es\\\/?s={search_term_string}\"},\"query-input\":{\"@type\":\"PropertyValueSpecification\",\"valueRequired\":true,\"valueName\":\"search_term_string\"}}],\"inLanguage\":\"es\"},{\"@type\":\"Organization\",\"@id\":\"https:\\\/\\\/www.hgg-group.com\\\/es\\\/#organization\",\"name\":\"HGG\",\"url\":\"https:\\\/\\\/www.hgg-group.com\\\/es\\\/\",\"logo\":{\"@type\":\"ImageObject\",\"inLanguage\":\"es\",\"@id\":\"https:\\\/\\\/www.hgg-group.com\\\/es\\\/#\\\/schema\\\/logo\\\/image\\\/\",\"url\":\"https:\\\/\\\/www.hgg-group.com\\\/wp-content\\\/uploads\\\/2025\\\/03\\\/HGG_logo-primair_RGB.png\",\"contentUrl\":\"https:\\\/\\\/www.hgg-group.com\\\/wp-content\\\/uploads\\\/2025\\\/03\\\/HGG_logo-primair_RGB.png\",\"width\":1097,\"height\":1337,\"caption\":\"HGG\"},\"image\":{\"@id\":\"https:\\\/\\\/www.hgg-group.com\\\/es\\\/#\\\/schema\\\/logo\\\/image\\\/\"}}]}<\/script>\n<!-- \/ Yoast SEO plugin. -->","yoast_head_json":{"title":"Descargo de responsabilidad - HGG Group 3D Profiling Specialists","description":"La p\u00e1gina de t\u00e9rminos y condiciones de HGG describe el marco legal que rige el uso de su sitio web y sus servicios. Abarca temas como los derechos de propiedad intelectual, las responsabilidades del usuario, las limitaciones de responsabilidad y las condiciones relacionadas con la compra o el uso de sus productos. Se recomienda a los usuarios que revisen detenidamente las condiciones para garantizar el cumplimiento de las directrices establecidas.","robots":{"index":"index","follow":"follow","max-snippet":"max-snippet:-1","max-image-preview":"max-image-preview:large","max-video-preview":"max-video-preview:-1"},"canonical":"https:\/\/www.hgg-group.com\/es\/condiciones-generales\/","og_locale":"es_ES","og_type":"article","og_title":"Descargo de responsabilidad - HGG Group 3D Profiling Specialists","og_description":"La p\u00e1gina de t\u00e9rminos y condiciones de HGG describe el marco legal que rige el uso de su sitio web y sus servicios. Abarca temas como los derechos de propiedad intelectual, las responsabilidades del usuario, las limitaciones de responsabilidad y las condiciones relacionadas con la compra o el uso de sus productos. Se recomienda a los usuarios que revisen detenidamente las condiciones para garantizar el cumplimiento de las directrices establecidas.","og_url":"https:\/\/www.hgg-group.com\/es\/condiciones-generales\/","og_site_name":"HGG Group","article_modified_time":"2024-11-26T14:37:15+00:00","twitter_card":"summary_large_image","twitter_misc":{"Tiempo de lectura":"3 minutos"},"schema":{"@context":"https:\/\/schema.org","@graph":[{"@type":"WebPage","@id":"https:\/\/www.hgg-group.com\/es\/condiciones-generales\/","url":"https:\/\/www.hgg-group.com\/es\/condiciones-generales\/","name":"Descargo de responsabilidad - HGG Group 3D Profiling Specialists","isPartOf":{"@id":"https:\/\/www.hgg-group.com\/es\/#website"},"datePublished":"2024-04-23T09:03:07+00:00","dateModified":"2024-11-26T14:37:15+00:00","description":"La p\u00e1gina de t\u00e9rminos y condiciones de HGG describe el marco legal que rige el uso de su sitio web y sus servicios. Abarca temas como los derechos de propiedad intelectual, las responsabilidades del usuario, las limitaciones de responsabilidad y las condiciones relacionadas con la compra o el uso de sus productos. Se recomienda a los usuarios que revisen detenidamente las condiciones para garantizar el cumplimiento de las directrices establecidas.","breadcrumb":{"@id":"https:\/\/www.hgg-group.com\/es\/condiciones-generales\/#breadcrumb"},"inLanguage":"es","potentialAction":[{"@type":"ReadAction","target":["https:\/\/www.hgg-group.com\/es\/condiciones-generales\/"]}]},{"@type":"BreadcrumbList","@id":"https:\/\/www.hgg-group.com\/es\/condiciones-generales\/#breadcrumb","itemListElement":[{"@type":"ListItem","position":1,"name":"Home","item":"https:\/\/www.hgg-group.com\/es\/inicio\/"},{"@type":"ListItem","position":2,"name":"Descargo de responsabilidad"}]},{"@type":"WebSite","@id":"https:\/\/www.hgg-group.com\/es\/#website","url":"https:\/\/www.hgg-group.com\/es\/","name":"HGG Group","description":"3D Profiling Specialists","publisher":{"@id":"https:\/\/www.hgg-group.com\/es\/#organization"},"potentialAction":[{"@type":"SearchAction","target":{"@type":"EntryPoint","urlTemplate":"https:\/\/www.hgg-group.com\/es\/?s={search_term_string}"},"query-input":{"@type":"PropertyValueSpecification","valueRequired":true,"valueName":"search_term_string"}}],"inLanguage":"es"},{"@type":"Organization","@id":"https:\/\/www.hgg-group.com\/es\/#organization","name":"HGG","url":"https:\/\/www.hgg-group.com\/es\/","logo":{"@type":"ImageObject","inLanguage":"es","@id":"https:\/\/www.hgg-group.com\/es\/#\/schema\/logo\/image\/","url":"https:\/\/www.hgg-group.com\/wp-content\/uploads\/2025\/03\/HGG_logo-primair_RGB.png","contentUrl":"https:\/\/www.hgg-group.com\/wp-content\/uploads\/2025\/03\/HGG_logo-primair_RGB.png","width":1097,"height":1337,"caption":"HGG"},"image":{"@id":"https:\/\/www.hgg-group.com\/es\/#\/schema\/logo\/image\/"}}]}},"_links":{"self":[{"href":"https:\/\/www.hgg-group.com\/es\/wp-json\/wp\/v2\/pages\/24959","targetHints":{"allow":["GET"]}}],"collection":[{"href":"https:\/\/www.hgg-group.com\/es\/wp-json\/wp\/v2\/pages"}],"about":[{"href":"https:\/\/www.hgg-group.com\/es\/wp-json\/wp\/v2\/types\/page"}],"author":[{"embeddable":true,"href":"https:\/\/www.hgg-group.com\/es\/wp-json\/wp\/v2\/users\/4"}],"replies":[{"embeddable":true,"href":"https:\/\/www.hgg-group.com\/es\/wp-json\/wp\/v2\/comments?post=24959"}],"version-history":[{"count":0,"href":"https:\/\/www.hgg-group.com\/es\/wp-json\/wp\/v2\/pages\/24959\/revisions"}],"wp:attachment":[{"href":"https:\/\/www.hgg-group.com\/es\/wp-json\/wp\/v2\/media?parent=24959"}],"curies":[{"name":"wp","href":"https:\/\/api.w.org\/{rel}","templated":true}]}}