{"id":32032,"date":"2024-06-28T14:12:13","date_gmt":"2024-06-28T12:12:13","guid":{"rendered":"https:\/\/www.hgg-group.com\/terms-condition\/"},"modified":"2026-04-02T10:51:55","modified_gmt":"2026-04-02T08:51:55","slug":"terms-conditions","status":"publish","type":"page","link":"https:\/\/www.hgg-group.com\/de\/terms-conditions\/","title":{"rendered":"Bedingungen &amp; Konditionen"},"content":{"rendered":"\t\t<div data-elementor-type=\"wp-page\" data-elementor-id=\"32032\" class=\"elementor elementor-32032 elementor-18007\" data-elementor-post-type=\"page\">\n\t\t\t\t<div class=\"elementor-element elementor-element-15d1a350 e-flex e-con-boxed e-con e-parent\" data-id=\"15d1a350\" data-element_type=\"container\" data-e-type=\"container\" data-settings=\"{&quot;background_background&quot;:&quot;classic&quot;}\">\n\t\t\t\t\t<div class=\"e-con-inner\">\n\t\t<div class=\"elementor-element elementor-element-57f9542d e-con-full e-flex e-con e-child\" data-id=\"57f9542d\" data-element_type=\"container\" data-e-type=\"container\">\n\t\t\t\t<div class=\"elementor-element elementor-element-66f54144 elementor-widget elementor-widget-text-editor\" data-id=\"66f54144\" data-element_type=\"widget\" data-e-type=\"widget\" data-widget_type=\"text-editor.default\">\n\t\t\t\t<div class=\"elementor-widget-container\">\n\t\t\t\t\t\t\t\t\t<p>Bedingungen &amp; Konditionen<\/p>\t\t\t\t\t\t\t\t<\/div>\n\t\t\t\t<\/div>\n\t\t\t\t<div class=\"elementor-element elementor-element-8bd8f56 elementor-widget elementor-widget-heading\" data-id=\"8bd8f56\" data-element_type=\"widget\" data-e-type=\"widget\" data-widget_type=\"heading.default\">\n\t\t\t\t<div class=\"elementor-widget-container\">\n\t\t\t\t\t<h1 class=\"elementor-heading-title elementor-size-default\">Allgemeine Bedingungen<\/h1>\t\t\t\t<\/div>\n\t\t\t\t<\/div>\n\t\t\t\t<\/div>\n\t\t<div class=\"elementor-element elementor-element-3ecfd09a e-flex e-con-boxed e-con e-child\" data-id=\"3ecfd09a\" data-element_type=\"container\" data-e-type=\"container\">\n\t\t\t\t\t<div class=\"e-con-inner\">\n\t\t<div class=\"elementor-element elementor-element-4fcc1624 e-flex e-con-boxed e-con e-child\" data-id=\"4fcc1624\" data-element_type=\"container\" data-e-type=\"container\">\n\t\t\t\t\t<div class=\"e-con-inner\">\n\t\t\t\t\t<\/div>\n\t\t\t\t<\/div>\n\t\t\t\t\t<\/div>\n\t\t\t\t<\/div>\n\t\t\t\t\t<\/div>\n\t\t\t\t<\/div>\n\t\t<div class=\"elementor-element elementor-element-fce15da e-flex e-con-boxed e-con e-parent\" data-id=\"fce15da\" data-element_type=\"container\" data-e-type=\"container\">\n\t\t\t\t\t<div class=\"e-con-inner\">\n\t\t\t\t<div class=\"elementor-element elementor-element-5d80d032 elementor-widget elementor-widget-text-editor\" data-id=\"5d80d032\" data-element_type=\"widget\" data-e-type=\"widget\" data-widget_type=\"text-editor.default\">\n\t\t\t\t<div class=\"elementor-widget-container\">\n\t\t\t\t\t\t\t\t\t<h3>1. Allgemeine Bedingungen f\u00fcr die Lieferung und Installation von mechanischen, elektrischen und elektronischen Produkten<\/h3>\t\t\t\t\t\t\t\t<\/div>\n\t\t\t\t<\/div>\n\t\t\t\t\t<\/div>\n\t\t\t\t<\/div>\n\t\t<div class=\"elementor-element elementor-element-336c49e e-flex e-con-boxed e-con e-parent\" data-id=\"336c49e\" data-element_type=\"container\" data-e-type=\"container\">\n\t\t\t\t\t<div class=\"e-con-inner\">\n\t\t\t\t<div class=\"elementor-element elementor-element-3667113 elementor-widget elementor-widget-text-editor\" data-id=\"3667113\" data-element_type=\"widget\" data-e-type=\"widget\" data-widget_type=\"text-editor.default\">\n\t\t\t\t<div class=\"elementor-widget-container\">\n\t\t\t\t\t\t\t\t\t<p>F\u00fcr alle Angebote und Lieferungen von HGG Profiling Equipment BV gelten die Allgemeinen Gesch\u00e4ftsbedingungen von Orgalim (Referenz = <a href=\"https:\/\/licensing.orgalim.eu\/en\/general-conditions\/6f05b188-4a76-46dd-b7f1-85234d1683b2\">z.B. SI 24<\/a>). Diese lizenzierten Dokumente unterliegen dem Urheberrecht. Um Zugang zu erhalten, wenden Sie sich bitte direkt an Ihren Kundenbetreuer oder senden Sie eine E-Mail an <a href=\"mailto:info@hgg-group.com\">info@hgg-group.com.<\/a>  <\/p>\t\t\t\t\t\t\t\t<\/div>\n\t\t\t\t<\/div>\n\t\t\t\t\t<\/div>\n\t\t\t\t<\/div>\n\t\t<div class=\"elementor-element elementor-element-5a37865 e-flex e-con-boxed e-con e-child\" data-id=\"5a37865\" data-element_type=\"container\" data-e-type=\"container\">\n\t\t\t\t\t<div class=\"e-con-inner\">\n\t\t\t\t<div class=\"elementor-element elementor-element-e794955 elementor-widget elementor-widget-text-editor\" data-id=\"e794955\" data-element_type=\"widget\" data-e-type=\"widget\" data-widget_type=\"text-editor.default\">\n\t\t\t\t<div class=\"elementor-widget-container\">\n\t\t\t\t\t\t\t\t\t<h3>2. Allgemeine Gesch\u00e4ftsbedingungen f\u00fcr Remote Support<\/h3>\t\t\t\t\t\t\t\t<\/div>\n\t\t\t\t<\/div>\n\t\t\t\t\t<\/div>\n\t\t\t\t<\/div>\n\t\t<div class=\"elementor-element elementor-element-3abc89f e-flex e-con-boxed e-con e-parent\" data-id=\"3abc89f\" data-element_type=\"container\" data-e-type=\"container\">\n\t\t\t\t\t<div class=\"e-con-inner\">\n\t\t\t\t<div class=\"elementor-element elementor-element-d37cbf4 elementor-widget elementor-widget-text-editor\" data-id=\"d37cbf4\" data-element_type=\"widget\" data-e-type=\"widget\" data-widget_type=\"text-editor.default\">\n\t\t\t\t<div class=\"elementor-widget-container\">\n\t\t\t\t\t\t\t\t\t<p>F\u00fcr Supportzwecke k\u00f6nnen wir Sie bitten, uns Fernzugriff auf das betreffende System zu gew\u00e4hren.<\/p><ul><li><a href=\"https:\/\/www.hgg-group.com\/de\/terms-conditions\/bedingungen-konditionen\/\">Lesen Sie die Bedingungen f\u00fcr den Fernsupport auf dieser Seite.<\/a><\/li><\/ul>\t\t\t\t\t\t\t\t<\/div>\n\t\t\t\t<\/div>\n\t\t\t\t\t<\/div>\n\t\t\t\t<\/div>\n\t\t\t\t<\/div>\n\t\t","protected":false},"excerpt":{"rendered":"<p>Bedingungen &amp; Konditionen Allgemeine Bedingungen 1. Allgemeine Bedingungen f\u00fcr die Lieferung und Installation von mechanischen, elektrischen und elektronischen Produkten F\u00fcr alle Angebote und Lieferungen von HGG Profiling Equipment BV gelten die Allgemeinen Gesch\u00e4ftsbedingungen von Orgalim (Referenz = z.B. SI 24). Diese lizenzierten Dokumente unterliegen dem Urheberrecht. Um Zugang zu erhalten, wenden Sie sich bitte direkt [&hellip;]<\/p>\n","protected":false},"author":6,"featured_media":0,"parent":0,"menu_order":0,"comment_status":"closed","ping_status":"closed","template":"","meta":{"_acf_changed":false,"content-type":"","inline_featured_image":false,"footnotes":""},"class_list":["post-32032","page","type-page","status-publish","hentry"],"acf":[],"yoast_head":"<!-- This site is optimized with the Yoast SEO plugin v27.4 - https:\/\/yoast.com\/product\/yoast-seo-wordpress\/ -->\n<title>Bedingungen &amp; Konditionen - HGG Group We Revolutionize The World Of Steel<\/title>\n<meta name=\"description\" content=\"Die Seite mit den Allgemeinen Gesch\u00e4ftsbedingungen von HGG beschreibt den rechtlichen Rahmen f\u00fcr die Nutzung ihrer Website und ihrer Dienstleistungen. Sie behandeln Themen wie geistige Eigentumsrechte, Benutzerverantwortung, Haftungsbeschr\u00e4nkungen und Bedingungen im Zusammenhang mit dem Kauf oder der Nutzung ihrer Produkte. Wir empfehlen Ihnen, die Bedingungen sorgf\u00e4ltig zu lesen, um sicherzustellen, dass Sie die Richtlinien einhalten.\" \/>\n<meta name=\"robots\" content=\"index, follow, max-snippet:-1, max-image-preview:large, max-video-preview:-1\" \/>\n<link rel=\"canonical\" href=\"https:\/\/www.hgg-group.com\/de\/terms-conditions\/\" \/>\n<meta property=\"og:locale\" content=\"de_DE\" \/>\n<meta property=\"og:type\" content=\"article\" \/>\n<meta property=\"og:title\" content=\"Bedingungen &amp; Konditionen - HGG Group We Revolutionize The World Of Steel\" \/>\n<meta property=\"og:description\" content=\"Die Seite mit den Allgemeinen Gesch\u00e4ftsbedingungen von HGG beschreibt den rechtlichen Rahmen f\u00fcr die Nutzung ihrer Website und ihrer Dienstleistungen. Sie behandeln Themen wie geistige Eigentumsrechte, Benutzerverantwortung, Haftungsbeschr\u00e4nkungen und Bedingungen im Zusammenhang mit dem Kauf oder der Nutzung ihrer Produkte. Wir empfehlen Ihnen, die Bedingungen sorgf\u00e4ltig zu lesen, um sicherzustellen, dass Sie die Richtlinien einhalten.\" \/>\n<meta property=\"og:url\" content=\"https:\/\/www.hgg-group.com\/de\/terms-conditions\/\" \/>\n<meta property=\"og:site_name\" content=\"HGG Group\" \/>\n<meta property=\"article:modified_time\" content=\"2026-04-02T08:51:55+00:00\" \/>\n<meta name=\"twitter:card\" content=\"summary_large_image\" \/>\n<meta name=\"twitter:label1\" content=\"Gesch\u00e4tzte Lesezeit\" \/>\n\t<meta name=\"twitter:data1\" content=\"1\u00a0Minute\" \/>\n<script type=\"application\/ld+json\" class=\"yoast-schema-graph\">{\"@context\":\"https:\\\/\\\/schema.org\",\"@graph\":[{\"@type\":\"WebPage\",\"@id\":\"https:\\\/\\\/www.hgg-group.com\\\/de\\\/terms-conditions\\\/\",\"url\":\"https:\\\/\\\/www.hgg-group.com\\\/de\\\/terms-conditions\\\/\",\"name\":\"Bedingungen &amp; Konditionen - HGG Group We Revolutionize The World Of Steel\",\"isPartOf\":{\"@id\":\"https:\\\/\\\/www.hgg-group.com\\\/de\\\/#website\"},\"datePublished\":\"2024-06-28T12:12:13+00:00\",\"dateModified\":\"2026-04-02T08:51:55+00:00\",\"description\":\"Die Seite mit den Allgemeinen Gesch\u00e4ftsbedingungen von HGG beschreibt den rechtlichen Rahmen f\u00fcr die Nutzung ihrer Website und ihrer Dienstleistungen. Sie behandeln Themen wie geistige Eigentumsrechte, Benutzerverantwortung, Haftungsbeschr\u00e4nkungen und Bedingungen im Zusammenhang mit dem Kauf oder der Nutzung ihrer Produkte. Wir empfehlen Ihnen, die Bedingungen sorgf\u00e4ltig zu lesen, um sicherzustellen, dass Sie die Richtlinien einhalten.\",\"breadcrumb\":{\"@id\":\"https:\\\/\\\/www.hgg-group.com\\\/de\\\/terms-conditions\\\/#breadcrumb\"},\"inLanguage\":\"de\",\"potentialAction\":[{\"@type\":\"ReadAction\",\"target\":[\"https:\\\/\\\/www.hgg-group.com\\\/de\\\/terms-conditions\\\/\"]}]},{\"@type\":\"BreadcrumbList\",\"@id\":\"https:\\\/\\\/www.hgg-group.com\\\/de\\\/terms-conditions\\\/#breadcrumb\",\"itemListElement\":[{\"@type\":\"ListItem\",\"position\":1,\"name\":\"Home\",\"item\":\"https:\\\/\\\/www.hgg-group.com\\\/de\\\/startseite\\\/\"},{\"@type\":\"ListItem\",\"position\":2,\"name\":\"Bedingungen &amp; Konditionen\"}]},{\"@type\":\"WebSite\",\"@id\":\"https:\\\/\\\/www.hgg-group.com\\\/de\\\/#website\",\"url\":\"https:\\\/\\\/www.hgg-group.com\\\/de\\\/\",\"name\":\"HGG Group\",\"description\":\"We Revolutionize The World Of Steel\",\"publisher\":{\"@id\":\"https:\\\/\\\/www.hgg-group.com\\\/de\\\/#organization\"},\"potentialAction\":[{\"@type\":\"SearchAction\",\"target\":{\"@type\":\"EntryPoint\",\"urlTemplate\":\"https:\\\/\\\/www.hgg-group.com\\\/de\\\/?s={search_term_string}\"},\"query-input\":{\"@type\":\"PropertyValueSpecification\",\"valueRequired\":true,\"valueName\":\"search_term_string\"}}],\"inLanguage\":\"de\"},{\"@type\":\"Organization\",\"@id\":\"https:\\\/\\\/www.hgg-group.com\\\/de\\\/#organization\",\"name\":\"HGG\",\"url\":\"https:\\\/\\\/www.hgg-group.com\\\/de\\\/\",\"logo\":{\"@type\":\"ImageObject\",\"inLanguage\":\"de\",\"@id\":\"https:\\\/\\\/www.hgg-group.com\\\/de\\\/#\\\/schema\\\/logo\\\/image\\\/\",\"url\":\"https:\\\/\\\/www.hgg-group.com\\\/wp-content\\\/uploads\\\/2025\\\/03\\\/HGG_logo-primair_RGB.png\",\"contentUrl\":\"https:\\\/\\\/www.hgg-group.com\\\/wp-content\\\/uploads\\\/2025\\\/03\\\/HGG_logo-primair_RGB.png\",\"width\":1097,\"height\":1337,\"caption\":\"HGG\"},\"image\":{\"@id\":\"https:\\\/\\\/www.hgg-group.com\\\/de\\\/#\\\/schema\\\/logo\\\/image\\\/\"}}]}<\/script>\n<!-- \/ Yoast SEO plugin. -->","yoast_head_json":{"title":"Bedingungen &amp; Konditionen - HGG Group We Revolutionize The World Of Steel","description":"Die Seite mit den Allgemeinen Gesch\u00e4ftsbedingungen von HGG beschreibt den rechtlichen Rahmen f\u00fcr die Nutzung ihrer Website und ihrer Dienstleistungen. Sie behandeln Themen wie geistige Eigentumsrechte, Benutzerverantwortung, Haftungsbeschr\u00e4nkungen und Bedingungen im Zusammenhang mit dem Kauf oder der Nutzung ihrer Produkte. Wir empfehlen Ihnen, die Bedingungen sorgf\u00e4ltig zu lesen, um sicherzustellen, dass Sie die Richtlinien einhalten.","robots":{"index":"index","follow":"follow","max-snippet":"max-snippet:-1","max-image-preview":"max-image-preview:large","max-video-preview":"max-video-preview:-1"},"canonical":"https:\/\/www.hgg-group.com\/de\/terms-conditions\/","og_locale":"de_DE","og_type":"article","og_title":"Bedingungen &amp; Konditionen - HGG Group We Revolutionize The World Of Steel","og_description":"Die Seite mit den Allgemeinen Gesch\u00e4ftsbedingungen von HGG beschreibt den rechtlichen Rahmen f\u00fcr die Nutzung ihrer Website und ihrer Dienstleistungen. Sie behandeln Themen wie geistige Eigentumsrechte, Benutzerverantwortung, Haftungsbeschr\u00e4nkungen und Bedingungen im Zusammenhang mit dem Kauf oder der Nutzung ihrer Produkte. Wir empfehlen Ihnen, die Bedingungen sorgf\u00e4ltig zu lesen, um sicherzustellen, dass Sie die Richtlinien einhalten.","og_url":"https:\/\/www.hgg-group.com\/de\/terms-conditions\/","og_site_name":"HGG Group","article_modified_time":"2026-04-02T08:51:55+00:00","twitter_card":"summary_large_image","twitter_misc":{"Gesch\u00e4tzte Lesezeit":"1\u00a0Minute"},"schema":{"@context":"https:\/\/schema.org","@graph":[{"@type":"WebPage","@id":"https:\/\/www.hgg-group.com\/de\/terms-conditions\/","url":"https:\/\/www.hgg-group.com\/de\/terms-conditions\/","name":"Bedingungen &amp; Konditionen - HGG Group We Revolutionize The World Of Steel","isPartOf":{"@id":"https:\/\/www.hgg-group.com\/de\/#website"},"datePublished":"2024-06-28T12:12:13+00:00","dateModified":"2026-04-02T08:51:55+00:00","description":"Die Seite mit den Allgemeinen Gesch\u00e4ftsbedingungen von HGG beschreibt den rechtlichen Rahmen f\u00fcr die Nutzung ihrer Website und ihrer Dienstleistungen. Sie behandeln Themen wie geistige Eigentumsrechte, Benutzerverantwortung, Haftungsbeschr\u00e4nkungen und Bedingungen im Zusammenhang mit dem Kauf oder der Nutzung ihrer Produkte. Wir empfehlen Ihnen, die Bedingungen sorgf\u00e4ltig zu lesen, um sicherzustellen, dass Sie die Richtlinien einhalten.","breadcrumb":{"@id":"https:\/\/www.hgg-group.com\/de\/terms-conditions\/#breadcrumb"},"inLanguage":"de","potentialAction":[{"@type":"ReadAction","target":["https:\/\/www.hgg-group.com\/de\/terms-conditions\/"]}]},{"@type":"BreadcrumbList","@id":"https:\/\/www.hgg-group.com\/de\/terms-conditions\/#breadcrumb","itemListElement":[{"@type":"ListItem","position":1,"name":"Home","item":"https:\/\/www.hgg-group.com\/de\/startseite\/"},{"@type":"ListItem","position":2,"name":"Bedingungen &amp; Konditionen"}]},{"@type":"WebSite","@id":"https:\/\/www.hgg-group.com\/de\/#website","url":"https:\/\/www.hgg-group.com\/de\/","name":"HGG Group","description":"We Revolutionize The World Of Steel","publisher":{"@id":"https:\/\/www.hgg-group.com\/de\/#organization"},"potentialAction":[{"@type":"SearchAction","target":{"@type":"EntryPoint","urlTemplate":"https:\/\/www.hgg-group.com\/de\/?s={search_term_string}"},"query-input":{"@type":"PropertyValueSpecification","valueRequired":true,"valueName":"search_term_string"}}],"inLanguage":"de"},{"@type":"Organization","@id":"https:\/\/www.hgg-group.com\/de\/#organization","name":"HGG","url":"https:\/\/www.hgg-group.com\/de\/","logo":{"@type":"ImageObject","inLanguage":"de","@id":"https:\/\/www.hgg-group.com\/de\/#\/schema\/logo\/image\/","url":"https:\/\/www.hgg-group.com\/wp-content\/uploads\/2025\/03\/HGG_logo-primair_RGB.png","contentUrl":"https:\/\/www.hgg-group.com\/wp-content\/uploads\/2025\/03\/HGG_logo-primair_RGB.png","width":1097,"height":1337,"caption":"HGG"},"image":{"@id":"https:\/\/www.hgg-group.com\/de\/#\/schema\/logo\/image\/"}}]}},"_links":{"self":[{"href":"https:\/\/www.hgg-group.com\/de\/wp-json\/wp\/v2\/pages\/32032","targetHints":{"allow":["GET"]}}],"collection":[{"href":"https:\/\/www.hgg-group.com\/de\/wp-json\/wp\/v2\/pages"}],"about":[{"href":"https:\/\/www.hgg-group.com\/de\/wp-json\/wp\/v2\/types\/page"}],"author":[{"embeddable":true,"href":"https:\/\/www.hgg-group.com\/de\/wp-json\/wp\/v2\/users\/6"}],"replies":[{"embeddable":true,"href":"https:\/\/www.hgg-group.com\/de\/wp-json\/wp\/v2\/comments?post=32032"}],"version-history":[{"count":19,"href":"https:\/\/www.hgg-group.com\/de\/wp-json\/wp\/v2\/pages\/32032\/revisions"}],"predecessor-version":[{"id":42062,"href":"https:\/\/www.hgg-group.com\/de\/wp-json\/wp\/v2\/pages\/32032\/revisions\/42062"}],"wp:attachment":[{"href":"https:\/\/www.hgg-group.com\/de\/wp-json\/wp\/v2\/media?parent=32032"}],"curies":[{"name":"wp","href":"https:\/\/api.w.org\/{rel}","templated":true}]}}