{"id":24954,"date":"2024-04-23T11:03:07","date_gmt":"2024-04-23T09:03:07","guid":{"rendered":"https:\/\/www.hgg-group.com\/bedingungen-konditionen\/"},"modified":"2024-11-26T15:37:01","modified_gmt":"2024-11-26T14:37:01","slug":"bedingungen-konditionen","status":"publish","type":"page","link":"https:\/\/www.hgg-group.com\/de\/bedingungen-konditionen\/","title":{"rendered":"Haftungsausschluss"},"content":{"rendered":"\t\t<div data-elementor-type=\"wp-page\" data-elementor-id=\"24954\" class=\"elementor elementor-24954 elementor-4701\" data-elementor-post-type=\"page\">\n\t\t\t\t<div class=\"elementor-element elementor-element-15d1a350 e-flex e-con-boxed e-con e-parent\" data-id=\"15d1a350\" data-element_type=\"container\" data-e-type=\"container\" data-settings=\"{&quot;background_background&quot;:&quot;classic&quot;}\">\n\t\t\t\t\t<div class=\"e-con-inner\">\n\t\t<div class=\"elementor-element elementor-element-57f9542d e-con-full e-flex e-con e-child\" data-id=\"57f9542d\" data-element_type=\"container\" data-e-type=\"container\">\n\t\t\t\t<div class=\"elementor-element elementor-element-66f54144 elementor-widget elementor-widget-text-editor\" data-id=\"66f54144\" data-element_type=\"widget\" data-e-type=\"widget\" data-widget_type=\"text-editor.default\">\n\t\t\t\t<div class=\"elementor-widget-container\">\n\t\t\t\t\t\t\t\t\t<p>Haftungsausschluss<\/p>\n\t\t\t\t\t\t\t\t<\/div>\n\t\t\t\t<\/div>\n\t\t\t\t<div class=\"elementor-element elementor-element-8bd8f56 elementor-widget elementor-widget-heading\" data-id=\"8bd8f56\" data-element_type=\"widget\" data-e-type=\"widget\" data-widget_type=\"heading.default\">\n\t\t\t\t<div class=\"elementor-widget-container\">\n\t\t\t\t\t<h1 class=\"elementor-heading-title elementor-size-default\">Haftungsausschluss<\/h1>\t\t\t\t<\/div>\n\t\t\t\t<\/div>\n\t\t\t\t<\/div>\n\t\t<div class=\"elementor-element elementor-element-3ecfd09a e-flex e-con-boxed e-con e-child\" data-id=\"3ecfd09a\" data-element_type=\"container\" data-e-type=\"container\">\n\t\t\t\t\t<div class=\"e-con-inner\">\n\t\t<div class=\"elementor-element elementor-element-4fcc1624 e-flex e-con-boxed e-con e-child\" data-id=\"4fcc1624\" data-element_type=\"container\" data-e-type=\"container\">\n\t\t\t\t\t<div class=\"e-con-inner\">\n\t\t\t\t\t<\/div>\n\t\t\t\t<\/div>\n\t\t\t\t\t<\/div>\n\t\t\t\t<\/div>\n\t\t\t\t\t<\/div>\n\t\t\t\t<\/div>\n\t\t<div class=\"elementor-element elementor-element-336c49e e-flex e-con-boxed e-con e-parent\" data-id=\"336c49e\" data-element_type=\"container\" data-e-type=\"container\">\n\t\t\t\t\t<div class=\"e-con-inner\">\n\t\t\t\t<div class=\"elementor-element elementor-element-5d80d032 elementor-widget elementor-widget-text-editor\" data-id=\"5d80d032\" data-element_type=\"widget\" data-e-type=\"widget\" data-widget_type=\"text-editor.default\">\n\t\t\t\t<div class=\"elementor-widget-container\">\n\t\t\t\t\t\t\t\t\t<p>Das Unternehmen HGG stellt die Website www.www.hgg-group.com als Dienstleistung f\u00fcr die \u00d6ffentlichkeit und die Inhaber von Websites zur Verf\u00fcgung.<br \/>\nDiese Website, deren Informationen von HGG zur Verf\u00fcgung gestellt werden, wurde mit gr\u00f6\u00dftm\u00f6glicher Sorgfalt zusammengestellt.<br \/>\nDie auf dieser Website enthaltenen Informationen dienen nur zu allgemeinen Informationszwecken und aus ihrem Inhalt k\u00f6nnen keine Rechte abgeleitet werden.  <\/p>\n<p>Bitte beachten Sie auch, dass die Informationen auf dieser Website jederzeit und ohne vorherige Ank\u00fcndigung ge\u00e4ndert, hinzugef\u00fcgt oder entfernt werden k\u00f6nnen.<br \/>\nObwohl wir uns bem\u00fchen, die Richtigkeit der auf dieser Website ver\u00f6ffentlichten Informationen zu gew\u00e4hrleisten, \u00fcbernimmt HGG keinerlei Verantwortung f\u00fcr Sch\u00e4den oder Verluste, die sich aus der Nutzung dieser Website oder ihres Inhalts ergeben, wie z.B., aber nicht ausschlie\u00dflich, im Zusammenhang mit der Nutzung von fehlerhaften Informationen oder dem Herunterladen von Daten.<br \/>\nJedes Vertrauen, das Sie auf diese Informationen setzen, geschieht daher ausschlie\u00dflich auf Ihr eigenes Risiko.  <\/p>\n<h3>Urheberrechte<\/h3>\n<p>Das Unternehmen HGG besitzt das Urheberrecht an den auf der Website ver\u00f6ffentlichten Inhalten (alle Texte, Bilder, Grafiken, Animationen, Videos, T\u00f6ne und alle anderen Inhalte dieser Website), sofern nicht durch einen Eigentumsvermerk eines Dritten anders angegeben.<br \/>\nBilder, Warenzeichen und Marken sind auch durch andere Gesetze zum Schutz des geistigen Eigentums gesch\u00fctzt und d\u00fcrfen ohne schriftliche Genehmigung der jeweiligen Eigent\u00fcmer nicht vervielf\u00e4ltigt oder in irgendeiner Weise angeeignet werden.<br \/>\nDie vorgenannten Inhalte d\u00fcrfen ohne vorherige Zustimmung der Firma HGG nicht vervielf\u00e4ltigt, ver\u00e4ndert oder in anderen elektronischen oder gedruckten Publikationen verwendet werden.<br \/>\nSofern dies nicht ausdr\u00fccklich durch einen auf einer Seite ver\u00f6ffentlichten Hinweis untersagt ist, d\u00fcrfen Sie eine Druckkopie derjenigen Teile der Website anfertigen, die Sie vern\u00fcnftigerweise f\u00fcr Ihren pers\u00f6nlichen Gebrauch ben\u00f6tigen, vorausgesetzt, dass jede Kopie mit den entsprechenden Eigentumshinweisen und\/oder Haftungsausschl\u00fcssen versehen ist.<br \/>\nJede andere Nutzung ist untersagt.    <\/p>\n<h3>Haftung<\/h3>\n<p>In keinem Fall haften wir f\u00fcr Verluste oder Sch\u00e4den, einschlie\u00dflich, aber nicht beschr\u00e4nkt auf indirekte oder Folgesch\u00e4den, oder Verluste oder Sch\u00e4den, die sich aus dem Verlust von Daten oder Gewinnen ergeben, die sich aus der Nutzung dieser Website ergeben oder damit in Zusammenhang stehen.<\/p>\n<p>\u00dcber diese Website k\u00f6nnen Sie einen Link zu anderen Websites herstellen, die nicht unter der Kontrolle von HGG stehen.<br \/>\nWir haben keine Kontrolle \u00fcber die Art, den Inhalt und die Verf\u00fcgbarkeit dieser Websites.<br \/>\nDie Aufnahme von Links bedeutet nicht notwendigerweise eine Empfehlung oder Bef\u00fcrwortung der auf diesen Seiten ge\u00e4u\u00dferten Ansichten.  <\/p>\n<p>Es werden alle Anstrengungen unternommen, damit die Website reibungslos funktioniert.<br \/>\nHGG \u00fcbernimmt jedoch keine Verantwortung und ist nicht haftbar, wenn die Website aufgrund technischer Probleme, die au\u00dferhalb unserer Kontrolle liegen, vor\u00fcbergehend nicht verf\u00fcgbar ist. <\/p>\n\t\t\t\t\t\t\t\t<\/div>\n\t\t\t\t<\/div>\n\t\t\t\t\t<\/div>\n\t\t\t\t<\/div>\n\t\t\t\t<\/div>\n\t\t","protected":false},"excerpt":{"rendered":"<p>Haftungsausschluss Haftungsausschluss Das Unternehmen HGG stellt die Website www.www.hgg-group.com als Dienstleistung f\u00fcr die \u00d6ffentlichkeit und die Inhaber von Websites zur Verf\u00fcgung. Diese Website, deren Informationen von HGG zur Verf\u00fcgung gestellt werden, wurde mit gr\u00f6\u00dftm\u00f6glicher Sorgfalt zusammengestellt. Die auf dieser Website enthaltenen Informationen dienen nur zu allgemeinen Informationszwecken und aus ihrem Inhalt k\u00f6nnen keine Rechte abgeleitet [&hellip;]<\/p>\n","protected":false},"author":4,"featured_media":0,"parent":0,"menu_order":0,"comment_status":"closed","ping_status":"closed","template":"","meta":{"_acf_changed":false,"content-type":"","inline_featured_image":false,"footnotes":""},"class_list":["post-24954","page","type-page","status-publish","hentry"],"acf":[],"yoast_head":"<!-- This site is optimized with the Yoast SEO plugin v27.4 - https:\/\/yoast.com\/product\/yoast-seo-wordpress\/ -->\n<title>Haftungsausschluss - HGG Group We Revolutionize The World Of Steel<\/title>\n<meta name=\"description\" content=\"Die Seite mit den Allgemeinen Gesch\u00e4ftsbedingungen von HGG beschreibt den rechtlichen Rahmen f\u00fcr die Nutzung ihrer Website und ihrer Dienstleistungen. Sie behandeln Themen wie Rechte an geistigem Eigentum, Nutzerverantwortung, Haftungsbeschr\u00e4nkungen und Bedingungen f\u00fcr den Kauf oder die Nutzung ihrer Produkte. Den Nutzern wird empfohlen, die Bedingungen sorgf\u00e4ltig durchzulesen, um die Einhaltung der vorgegebenen Richtlinien zu gew\u00e4hrleisten.\" \/>\n<meta name=\"robots\" content=\"index, follow, max-snippet:-1, max-image-preview:large, max-video-preview:-1\" \/>\n<link rel=\"canonical\" href=\"https:\/\/www.hgg-group.com\/de\/bedingungen-konditionen\/\" \/>\n<meta property=\"og:locale\" content=\"de_DE\" \/>\n<meta property=\"og:type\" content=\"article\" \/>\n<meta property=\"og:title\" content=\"Haftungsausschluss - HGG Group We Revolutionize The World Of Steel\" \/>\n<meta property=\"og:description\" content=\"Die Seite mit den Allgemeinen Gesch\u00e4ftsbedingungen von HGG beschreibt den rechtlichen Rahmen f\u00fcr die Nutzung ihrer Website und ihrer Dienstleistungen. Sie behandeln Themen wie Rechte an geistigem Eigentum, Nutzerverantwortung, Haftungsbeschr\u00e4nkungen und Bedingungen f\u00fcr den Kauf oder die Nutzung ihrer Produkte. Den Nutzern wird empfohlen, die Bedingungen sorgf\u00e4ltig durchzulesen, um die Einhaltung der vorgegebenen Richtlinien zu gew\u00e4hrleisten.\" \/>\n<meta property=\"og:url\" content=\"https:\/\/www.hgg-group.com\/de\/bedingungen-konditionen\/\" \/>\n<meta property=\"og:site_name\" content=\"HGG Group\" \/>\n<meta property=\"article:modified_time\" content=\"2024-11-26T14:37:01+00:00\" \/>\n<meta name=\"twitter:card\" content=\"summary_large_image\" \/>\n<script type=\"application\/ld+json\" class=\"yoast-schema-graph\">{\"@context\":\"https:\\\/\\\/schema.org\",\"@graph\":[{\"@type\":\"WebPage\",\"@id\":\"https:\\\/\\\/www.hgg-group.com\\\/de\\\/bedingungen-konditionen\\\/\",\"url\":\"https:\\\/\\\/www.hgg-group.com\\\/de\\\/bedingungen-konditionen\\\/\",\"name\":\"Haftungsausschluss - HGG Group We Revolutionize The World Of Steel\",\"isPartOf\":{\"@id\":\"https:\\\/\\\/www.hgg-group.com\\\/de\\\/#website\"},\"datePublished\":\"2024-04-23T09:03:07+00:00\",\"dateModified\":\"2024-11-26T14:37:01+00:00\",\"description\":\"Die Seite mit den Allgemeinen Gesch\u00e4ftsbedingungen von HGG beschreibt den rechtlichen Rahmen f\u00fcr die Nutzung ihrer Website und ihrer Dienstleistungen. Sie behandeln Themen wie Rechte an geistigem Eigentum, Nutzerverantwortung, Haftungsbeschr\u00e4nkungen und Bedingungen f\u00fcr den Kauf oder die Nutzung ihrer Produkte. Den Nutzern wird empfohlen, die Bedingungen sorgf\u00e4ltig durchzulesen, um die Einhaltung der vorgegebenen Richtlinien zu gew\u00e4hrleisten.\",\"breadcrumb\":{\"@id\":\"https:\\\/\\\/www.hgg-group.com\\\/de\\\/bedingungen-konditionen\\\/#breadcrumb\"},\"inLanguage\":\"de\",\"potentialAction\":[{\"@type\":\"ReadAction\",\"target\":[\"https:\\\/\\\/www.hgg-group.com\\\/de\\\/bedingungen-konditionen\\\/\"]}]},{\"@type\":\"BreadcrumbList\",\"@id\":\"https:\\\/\\\/www.hgg-group.com\\\/de\\\/bedingungen-konditionen\\\/#breadcrumb\",\"itemListElement\":[{\"@type\":\"ListItem\",\"position\":1,\"name\":\"Home\",\"item\":\"https:\\\/\\\/www.hgg-group.com\\\/de\\\/startseite\\\/\"},{\"@type\":\"ListItem\",\"position\":2,\"name\":\"Haftungsausschluss\"}]},{\"@type\":\"WebSite\",\"@id\":\"https:\\\/\\\/www.hgg-group.com\\\/de\\\/#website\",\"url\":\"https:\\\/\\\/www.hgg-group.com\\\/de\\\/\",\"name\":\"HGG Group\",\"description\":\"We Revolutionize The World Of Steel\",\"publisher\":{\"@id\":\"https:\\\/\\\/www.hgg-group.com\\\/de\\\/#organization\"},\"potentialAction\":[{\"@type\":\"SearchAction\",\"target\":{\"@type\":\"EntryPoint\",\"urlTemplate\":\"https:\\\/\\\/www.hgg-group.com\\\/de\\\/?s={search_term_string}\"},\"query-input\":{\"@type\":\"PropertyValueSpecification\",\"valueRequired\":true,\"valueName\":\"search_term_string\"}}],\"inLanguage\":\"de\"},{\"@type\":\"Organization\",\"@id\":\"https:\\\/\\\/www.hgg-group.com\\\/de\\\/#organization\",\"name\":\"HGG\",\"url\":\"https:\\\/\\\/www.hgg-group.com\\\/de\\\/\",\"logo\":{\"@type\":\"ImageObject\",\"inLanguage\":\"de\",\"@id\":\"https:\\\/\\\/www.hgg-group.com\\\/de\\\/#\\\/schema\\\/logo\\\/image\\\/\",\"url\":\"https:\\\/\\\/www.hgg-group.com\\\/wp-content\\\/uploads\\\/2025\\\/03\\\/HGG_logo-primair_RGB.png\",\"contentUrl\":\"https:\\\/\\\/www.hgg-group.com\\\/wp-content\\\/uploads\\\/2025\\\/03\\\/HGG_logo-primair_RGB.png\",\"width\":1097,\"height\":1337,\"caption\":\"HGG\"},\"image\":{\"@id\":\"https:\\\/\\\/www.hgg-group.com\\\/de\\\/#\\\/schema\\\/logo\\\/image\\\/\"}}]}<\/script>\n<!-- \/ Yoast SEO plugin. -->","yoast_head_json":{"title":"Haftungsausschluss - HGG Group We Revolutionize The World Of Steel","description":"Die Seite mit den Allgemeinen Gesch\u00e4ftsbedingungen von HGG beschreibt den rechtlichen Rahmen f\u00fcr die Nutzung ihrer Website und ihrer Dienstleistungen. Sie behandeln Themen wie Rechte an geistigem Eigentum, Nutzerverantwortung, Haftungsbeschr\u00e4nkungen und Bedingungen f\u00fcr den Kauf oder die Nutzung ihrer Produkte. Den Nutzern wird empfohlen, die Bedingungen sorgf\u00e4ltig durchzulesen, um die Einhaltung der vorgegebenen Richtlinien zu gew\u00e4hrleisten.","robots":{"index":"index","follow":"follow","max-snippet":"max-snippet:-1","max-image-preview":"max-image-preview:large","max-video-preview":"max-video-preview:-1"},"canonical":"https:\/\/www.hgg-group.com\/de\/bedingungen-konditionen\/","og_locale":"de_DE","og_type":"article","og_title":"Haftungsausschluss - HGG Group We Revolutionize The World Of Steel","og_description":"Die Seite mit den Allgemeinen Gesch\u00e4ftsbedingungen von HGG beschreibt den rechtlichen Rahmen f\u00fcr die Nutzung ihrer Website und ihrer Dienstleistungen. Sie behandeln Themen wie Rechte an geistigem Eigentum, Nutzerverantwortung, Haftungsbeschr\u00e4nkungen und Bedingungen f\u00fcr den Kauf oder die Nutzung ihrer Produkte. Den Nutzern wird empfohlen, die Bedingungen sorgf\u00e4ltig durchzulesen, um die Einhaltung der vorgegebenen Richtlinien zu gew\u00e4hrleisten.","og_url":"https:\/\/www.hgg-group.com\/de\/bedingungen-konditionen\/","og_site_name":"HGG Group","article_modified_time":"2024-11-26T14:37:01+00:00","twitter_card":"summary_large_image","schema":{"@context":"https:\/\/schema.org","@graph":[{"@type":"WebPage","@id":"https:\/\/www.hgg-group.com\/de\/bedingungen-konditionen\/","url":"https:\/\/www.hgg-group.com\/de\/bedingungen-konditionen\/","name":"Haftungsausschluss - HGG Group We Revolutionize The World Of Steel","isPartOf":{"@id":"https:\/\/www.hgg-group.com\/de\/#website"},"datePublished":"2024-04-23T09:03:07+00:00","dateModified":"2024-11-26T14:37:01+00:00","description":"Die Seite mit den Allgemeinen Gesch\u00e4ftsbedingungen von HGG beschreibt den rechtlichen Rahmen f\u00fcr die Nutzung ihrer Website und ihrer Dienstleistungen. Sie behandeln Themen wie Rechte an geistigem Eigentum, Nutzerverantwortung, Haftungsbeschr\u00e4nkungen und Bedingungen f\u00fcr den Kauf oder die Nutzung ihrer Produkte. Den Nutzern wird empfohlen, die Bedingungen sorgf\u00e4ltig durchzulesen, um die Einhaltung der vorgegebenen Richtlinien zu gew\u00e4hrleisten.","breadcrumb":{"@id":"https:\/\/www.hgg-group.com\/de\/bedingungen-konditionen\/#breadcrumb"},"inLanguage":"de","potentialAction":[{"@type":"ReadAction","target":["https:\/\/www.hgg-group.com\/de\/bedingungen-konditionen\/"]}]},{"@type":"BreadcrumbList","@id":"https:\/\/www.hgg-group.com\/de\/bedingungen-konditionen\/#breadcrumb","itemListElement":[{"@type":"ListItem","position":1,"name":"Home","item":"https:\/\/www.hgg-group.com\/de\/startseite\/"},{"@type":"ListItem","position":2,"name":"Haftungsausschluss"}]},{"@type":"WebSite","@id":"https:\/\/www.hgg-group.com\/de\/#website","url":"https:\/\/www.hgg-group.com\/de\/","name":"HGG Group","description":"We Revolutionize The World Of Steel","publisher":{"@id":"https:\/\/www.hgg-group.com\/de\/#organization"},"potentialAction":[{"@type":"SearchAction","target":{"@type":"EntryPoint","urlTemplate":"https:\/\/www.hgg-group.com\/de\/?s={search_term_string}"},"query-input":{"@type":"PropertyValueSpecification","valueRequired":true,"valueName":"search_term_string"}}],"inLanguage":"de"},{"@type":"Organization","@id":"https:\/\/www.hgg-group.com\/de\/#organization","name":"HGG","url":"https:\/\/www.hgg-group.com\/de\/","logo":{"@type":"ImageObject","inLanguage":"de","@id":"https:\/\/www.hgg-group.com\/de\/#\/schema\/logo\/image\/","url":"https:\/\/www.hgg-group.com\/wp-content\/uploads\/2025\/03\/HGG_logo-primair_RGB.png","contentUrl":"https:\/\/www.hgg-group.com\/wp-content\/uploads\/2025\/03\/HGG_logo-primair_RGB.png","width":1097,"height":1337,"caption":"HGG"},"image":{"@id":"https:\/\/www.hgg-group.com\/de\/#\/schema\/logo\/image\/"}}]}},"_links":{"self":[{"href":"https:\/\/www.hgg-group.com\/de\/wp-json\/wp\/v2\/pages\/24954","targetHints":{"allow":["GET"]}}],"collection":[{"href":"https:\/\/www.hgg-group.com\/de\/wp-json\/wp\/v2\/pages"}],"about":[{"href":"https:\/\/www.hgg-group.com\/de\/wp-json\/wp\/v2\/types\/page"}],"author":[{"embeddable":true,"href":"https:\/\/www.hgg-group.com\/de\/wp-json\/wp\/v2\/users\/4"}],"replies":[{"embeddable":true,"href":"https:\/\/www.hgg-group.com\/de\/wp-json\/wp\/v2\/comments?post=24954"}],"version-history":[{"count":3,"href":"https:\/\/www.hgg-group.com\/de\/wp-json\/wp\/v2\/pages\/24954\/revisions"}],"predecessor-version":[{"id":32813,"href":"https:\/\/www.hgg-group.com\/de\/wp-json\/wp\/v2\/pages\/24954\/revisions\/32813"}],"wp:attachment":[{"href":"https:\/\/www.hgg-group.com\/de\/wp-json\/wp\/v2\/media?parent=24954"}],"curies":[{"name":"wp","href":"https:\/\/api.w.org\/{rel}","templated":true}]}}