{"id":24934,"date":"2024-04-23T11:05:23","date_gmt":"2024-04-23T09:05:23","guid":{"rendered":"https:\/\/www.hgg-group.com\/datenschutzbestimmungen\/"},"modified":"2024-11-26T15:31:38","modified_gmt":"2024-11-26T14:31:38","slug":"datenschutzbestimmungen","status":"publish","type":"page","link":"https:\/\/www.hgg-group.com\/de\/datenschutzbestimmungen\/","title":{"rendered":"Datenschutzbestimmungen"},"content":{"rendered":"\t\t<div data-elementor-type=\"wp-page\" data-elementor-id=\"24934\" class=\"elementor elementor-24934 elementor-4713\" data-elementor-post-type=\"page\">\n\t\t\t\t<div class=\"elementor-element elementor-element-15d1a350 e-flex e-con-boxed e-con e-parent\" data-id=\"15d1a350\" data-element_type=\"container\" data-e-type=\"container\" data-settings=\"{&quot;background_background&quot;:&quot;classic&quot;}\">\n\t\t\t\t\t<div class=\"e-con-inner\">\n\t\t<div class=\"elementor-element elementor-element-57f9542d e-con-full e-flex e-con e-child\" data-id=\"57f9542d\" data-element_type=\"container\" data-e-type=\"container\" data-settings=\"{&quot;background_background&quot;:&quot;classic&quot;}\">\n\t\t\t\t<div class=\"elementor-element elementor-element-66f54144 elementor-widget elementor-widget-text-editor\" data-id=\"66f54144\" data-element_type=\"widget\" data-e-type=\"widget\" data-widget_type=\"text-editor.default\">\n\t\t\t\t<div class=\"elementor-widget-container\">\n\t\t\t\t\t\t\t\t\t<p>Datenschutzerkl\u00e4rung HGG International bv<\/p>\n\t\t\t\t\t\t\t\t<\/div>\n\t\t\t\t<\/div>\n\t\t\t\t<div class=\"elementor-element elementor-element-8bd8f56 elementor-widget elementor-widget-heading\" data-id=\"8bd8f56\" data-element_type=\"widget\" data-e-type=\"widget\" data-widget_type=\"heading.default\">\n\t\t\t\t<div class=\"elementor-widget-container\">\n\t\t\t\t\t<h1 class=\"elementor-heading-title elementor-size-default\">Datenschutzbestimmungen<\/h1>\t\t\t\t<\/div>\n\t\t\t\t<\/div>\n\t\t\t\t<\/div>\n\t\t<div class=\"elementor-element elementor-element-3ecfd09a e-flex e-con-boxed e-con e-child\" data-id=\"3ecfd09a\" data-element_type=\"container\" data-e-type=\"container\">\n\t\t\t\t\t<div class=\"e-con-inner\">\n\t\t<div class=\"elementor-element elementor-element-4fcc1624 e-flex e-con-boxed e-con e-child\" data-id=\"4fcc1624\" data-element_type=\"container\" data-e-type=\"container\">\n\t\t\t\t\t<div class=\"e-con-inner\">\n\t\t\t\t\t<\/div>\n\t\t\t\t<\/div>\n\t\t\t\t\t<\/div>\n\t\t\t\t<\/div>\n\t\t\t\t\t<\/div>\n\t\t\t\t<\/div>\n\t\t<div class=\"elementor-element elementor-element-336c49e e-flex e-con-boxed e-con e-parent\" data-id=\"336c49e\" data-element_type=\"container\" data-e-type=\"container\">\n\t\t\t\t\t<div class=\"e-con-inner\">\n\t\t\t\t<div class=\"elementor-element elementor-element-5d80d032 elementor-widget elementor-widget-text-editor\" data-id=\"5d80d032\" data-element_type=\"widget\" data-e-type=\"widget\" data-widget_type=\"text-editor.default\">\n\t\t\t\t<div class=\"elementor-widget-container\">\n\t\t\t\t\t\t\t\t\t<p>Wir verpflichten uns, private Daten mit der gebotenen Sorgfalt zu verarbeiten und zu verwalten. Wir wenden bei der Verarbeitung Ihrer Daten das h\u00f6chste Ma\u00df an Sorgfalt an, wie es in der Allgemeinen Datenschutzverordnung (GDPR) festgelegt ist.<\/p><p>HGG International bv (zu der HGG Profiling Equipment bv und HGG Profiling Contractors bv geh\u00f6ren), mit Sitz in Zuidrak 2, 1771 SW Wieringerwerf, ist f\u00fcr die Verarbeitung privater Daten, wie in dieser Datenschutzerkl\u00e4rung dargelegt, verantwortlich.<\/p><h2>Kontaktinformationen:<\/h2><p>www.www.hgg-group.com<br \/>Zuidrak 2<br \/>1771 SW Wieringerwerf<br \/>+31 227 50 40 30<\/p><h2>Private Daten, die wir verarbeiten<\/h2><p>HGG International bv verarbeitet Ihre privaten Daten, weil Sie unsere Dienste in Anspruch nehmen und\/oder weil Sie private Daten zur Verf\u00fcgung gestellt haben.<\/p><h3>Nachstehend finden Sie eine Liste der privaten Daten, die wir verarbeiten:<\/h3><ul><li>Vor- und Nachname<\/li><li>Geschlecht<\/li><li>Adresse Details<\/li><li>Telefon Nummer<\/li><li>E-Mail Adresse<\/li><li>IP-Adresse<\/li><li>Andere private Daten, die Sie aktiv zur Verf\u00fcgung stellen, zum Beispiel durch die Erstellung eines Profils auf dieser Website, schriftlich oder in einem Anruf<\/li><li>Details zum Standort<\/li><li>Details \u00fcber Ihre Aktivit\u00e4ten auf unserer Website<\/li><li>Internet-Browser und Ger\u00e4tetyp<\/li><\/ul><p>In Bezug auf Lieferanten und\/oder Kunden erheben wir auch die folgenden Daten:<\/p><ul><li>Details zum Unternehmen<\/li><li>Bankverbindung (IBAN-Nummer, Bankleitzahl, Swift-Code, BIC)<\/li><li>MwSt.-Nummer<\/li><\/ul><h2>Besondere und\/oder sensible private Daten, die wir verarbeiten<\/h2><p>Unsere Website und\/oder unser Service beabsichtigt nicht, Daten von Website-Besuchern unter 16 Jahren zu sammeln, es sei denn, die Eltern oder der Erziehungsberechtigte haben ihre Zustimmung gegeben. Es gibt jedoch keine M\u00f6glichkeit f\u00fcr uns, zu \u00fcberpr\u00fcfen, ob ein Besucher tats\u00e4chlich \u00fcber 16 Jahre alt ist. Wir raten Eltern daher, sich aktiv an den Online-Aktivit\u00e4ten ihrer Kinder zu beteiligen, um zu verhindern, dass Daten von Kindern ohne elterliche Erlaubnis gesammelt werden. Wenn Sie davon \u00fcberzeugt sind, dass wir private Daten \u00fcber einen Minderj\u00e4hrigen ohne eine solche Erlaubnis gesammelt haben, kontaktieren Sie uns bitte unter info@hgg-group.com. Wir werden die entsprechenden Daten entfernen.<\/p><h2>Zweck und Rechtsgrundlage<\/h2><p>In diesem Abschnitt werden der Zweck und die Rechtsgrundlage f\u00fcr die Verarbeitung privater Daten dargelegt.<br \/>HGG International bv verarbeitet Ihre privaten Daten f\u00fcr die folgenden Zwecke:<\/p><ul><li>Bearbeitung Ihrer Zahlung<\/li><li>Weiterleitung unseres Newsletters und\/oder unserer Werbebrosch\u00fcren<\/li><li>Um Sie anrufen oder per E-Mail kontaktieren zu k\u00f6nnen, falls dies f\u00fcr die Erbringung unserer Dienstleistungen erforderlich ist<\/li><li>Um Sie \u00fcber \u00c4nderungen an unseren Produkten und Dienstleistungen zu informieren<\/li><li>Um Ihnen die M\u00f6glichkeit zu bieten, ein Konto zu erstellen<\/li><li>Um Ihnen Waren und Dienstleistungen zu liefern.<\/li><li>HGG International bv analysiert Ihr Verhalten auf der Website, um die Website zu verbessern und das Angebot an Produkten und Dienstleistungen an Ihre Pr\u00e4ferenzen anzupassen.<\/li><li>HGG International bv verarbeitet auch private Daten, wenn dies gesetzlich vorgeschrieben ist, wie z.B. Daten, die wir f\u00fcr die Einreichung unserer Steuerformulare ben\u00f6tigen.<\/li><\/ul><h2>Automatisierter Entscheidungsprozess<\/h2><p>HGG International bv trifft keine Entscheidungen auf der Grundlage einer automatisierten Verarbeitung in Bezug auf Angelegenheiten, die erhebliche Folgen f\u00fcr Personen haben k\u00f6nnen. Dies betrifft Entscheidungen, die von Computerprogrammen oder -systemen ohne menschliches Zutun (z.B. eines Mitarbeiters von HGG International bv) getroffen werden.<\/p><h2>Wie lange wir private Daten aufbewahren<\/h2><p>HGG International bv speichert Ihre privaten Daten nicht l\u00e4nger als unbedingt notwendig, um die Ziele zu erreichen, f\u00fcr die Ihre Daten gesammelt wurden. Wir wenden die folgenden Aufbewahrungsfristen f\u00fcr die folgenden privaten Daten und Datenkategorien an:<\/p><h4>Daten des Lieferanten<\/h4><p>Unternehmensdaten zu unseren Lieferanten und Angaben zu unseren Ansprechpartnern in der jeweiligen Organisation werden f\u00fcr die Dauer der Zusammenarbeit in unserer Datenbank gespeichert. Der Lieferant ist selbst daf\u00fcr verantwortlich, die privaten Daten seiner Ansprechpartner und\/oder Kundenbetreuer bereitzustellen und zu aktualisieren. Zwei Jahre nach Beendigung unserer Zusammenarbeit mit dem Lieferanten entfernen wir die Kontaktdaten der Lieferanten aus unserer Datenbank. Die Bestellhistorie wird 10 Jahre lang f\u00fcr Service- und Kundendienstzwecke aufbewahrt.<\/p><h4>Kundendaten<\/h4><p>Angaben zu Kunden und die entsprechende Kaufhistorie werden f\u00fcr einen Zeitraum von 20 Jahren nach dem Kauf eines Produkts und\/oder einer Dienstleistung aufbewahrt. Dies ist notwendig, um einen langfristigen Service zu bieten (mindestens f\u00fcr die wirtschaftliche Lebensdauer der Maschine) und um die Qualit\u00e4t von Produkten oder Schneidedienstleistungen zu garantieren und\/oder nachzuvollziehen.<\/p><h4>Private Daten f\u00fcr kommerzielle Zwecke<\/h4><p>Private Daten f\u00fcr kommerzielle Zwecke, die Sie uns durch Eingabe eines Online- oder Papierformulars zur Verf\u00fcgung stellen, werden so lange gespeichert, bis sie f\u00fcr die Durchf\u00fchrung der entsprechenden Aktionen gem\u00e4\u00df dem Formular nicht mehr erforderlich sind. Wenn Sie sich f\u00fcr unseren Newsletter anmelden, in den Sie ausschlie\u00dflich nach ausdr\u00fccklicher Zustimmung aufgenommen werden, informieren wir Sie mit dem Newsletter so lange \u00fcber unsere Dienstleistungen, Produkte, Veranstaltungen und Wissensartikel, bis Sie sich von unseren Newslettern abmelden oder wenn Sie unsere Nachrichten zwei Jahre lang nicht mehr ge\u00f6ffnet haben. Jeder Newsletter enth\u00e4lt einen Link, den Sie anklicken k\u00f6nnen, um sich von unseren kommerziellen Mitteilungen abzumelden und\/oder Ihre privaten Daten einzusehen und zu aktualisieren.<\/p><p>Wenn Sie sich m\u00fcndlich f\u00fcr unsere Newsletter anmelden, wenden wir nach der Verifizierung per E-Mail ebenfalls die oben genannte Arbeitsmethode an.<\/p><h2>Weitergabe privater Daten an Dritte<\/h2><p>HGG International bv verkauft Ihre Daten nicht an Dritte und stellt diese ausschlie\u00dflich zur Verf\u00fcgung, wenn dies f\u00fcr die Ausf\u00fchrung unseres Vertrags oder aufgrund einer gesetzlichen Vorschrift erforderlich ist. Wir schlie\u00dfen mit allen Unternehmen, die Ihre Daten auf unsere Anweisung hin verarbeiten, einen Verarbeitungsvertrag ab, um sicherzustellen, dass sie das gleiche Niveau an Sicherheit und Vertraulichkeit Ihrer Daten anwenden.<br \/>HGG International bv bleibt f\u00fcr diese Verarbeitung verantwortlich.<\/p><h2>Cookies, oder \u00e4hnliche Methoden, die wir verwenden<\/h2><p>HGG International bv verwendet funktionale, analytische und Tracking-Cookies. Ein Cookie ist eine kleine Textdatei, die beim ersten Besuch dieser Website im Browser Ihres Computers, Tablets oder Smartphones gespeichert wird. HGG International bv verwendet nur Cookies mit rein technischen Funktionen. Solche Cookies sorgen daf\u00fcr, dass die Website ordnungsgem\u00e4\u00df funktioniert und zum Beispiel Ihre Einstellungen gespeichert werden. Solche Cookies werden auch verwendet, um die Website zu optimieren und ihre Funktionsf\u00e4higkeit zu gew\u00e4hrleisten. Dar\u00fcber hinaus setzen wir Cookies, die Ihr Surfverhalten \u00fcberwachen, damit wir Ihnen ma\u00dfgeschneiderte Inhalte und Werbung anbieten k\u00f6nnen.<\/p><p>Bei Ihrem ersten Besuch auf unserer Website haben wir Sie \u00fcber solche Cookies informiert und um Erlaubnis gebeten, solche Cookies zu setzen.<\/p><p>Sie k\u00f6nnen diese Cookies ablehnen, indem Sie Ihren Internetbrowser so einstellen, dass keine Cookies mehr gespeichert werden. Dar\u00fcber hinaus k\u00f6nnen Sie auch alle zuvor gespeicherten Informationen entfernen, indem Sie die Einstellungen in Ihrem Browser \u00e4ndern. F\u00fcr eine Erkl\u00e4rung: https:\/\/veiliginternetten.nl\/themes\/situatie\/cookies-wat-zijn-het-en-wat-doe-ik-ermee\/<\/p><p>Diese Website setzt auch Cookies von Dritten. Dazu geh\u00f6ren Werbetreibende und\/oder Unternehmen der sozialen Medien. Zu den von uns gesetzten Cookies geh\u00f6ren:<\/p><ul><li>Doppelklick<\/li><li>Facebook verbinden<\/li><li>Facebook benutzerdefinierte Zielgruppe<\/li><li>GA Publikum<\/li><li>Sharpspring<\/li><li>Google Tag Manager<\/li><\/ul><h2>Anzeigen, Bearbeiten oder Entfernen von Daten<\/h2><p>Sie haben das Recht, Ihre eigenen privaten Daten einzusehen, zu korrigieren oder zu l\u00f6schen. Dar\u00fcber hinaus haben Sie das Recht, von Ihnen erteilte Genehmigungen zur Verarbeitung privater Daten zu widerrufen oder der Verarbeitung Ihrer privaten Daten durch HGG International bv zu widersprechen, und Sie haben auch das Recht, Ihre Daten zu \u00fcbertragen. Das bedeutet, dass Sie uns bitten k\u00f6nnen, eine Computerdatei mit den privaten Daten, die wir \u00fcber Sie gespeichert haben, entweder an Sie oder an die von Ihnen bestimmte Organisation weiterzuleiten.<\/p><p>Sie k\u00f6nnen einen solchen Antrag auf Einsichtnahme, Aktualisierung oder \u00dcbertragung Ihrer pers\u00f6nlichen Daten oder einen Antrag auf Widerruf Ihrer Zustimmung oder Widerspruch gegen die Verarbeitung Ihrer pers\u00f6nlichen Daten an info@hgg-group.com senden.<\/p><p>Um zu \u00fcberpr\u00fcfen, ob Sie, die bevollm\u00e4chtigte Person, einen solchen Antrag gestellt haben, bitten wir Sie um die Zusendung einer Kopie Ihres Identit\u00e4tsnachweises. In dieser Kopie schw\u00e4rzen Sie bitte Ihr Bild, die MRZ (Machine Readable Zone, der Streifen mit den Zahlen am unteren Rand der Bildseite Ihres Passes), Ihre Passnummer und Ihre BSN (Sozialversicherungsnummer). Dies dient dem Schutz Ihrer Privatsph\u00e4re. Wir werden Ihre Anfrage so schnell wie m\u00f6glich beantworten, sp\u00e4testens jedoch innerhalb von vier Wochen.<\/p><p>HGG International bv m\u00f6chte Sie auch darauf hinweisen, dass Sie die M\u00f6glichkeit haben, eine Beschwerde bei der nationalen Aufsichtsbeh\u00f6rde, der privaten Datenschutzbeh\u00f6rde, einzureichen. Sie k\u00f6nnen dies \u00fcber den folgenden Link tun: https:\/\/autoriteitpersoonsgegevens.nl\/nl\/contact-met-de-autoriteit-persoonsgegevens\/tip-ons<\/p><h2>Wie wir private Daten sicher halten<\/h2><p>HGG International bv verpflichtet sich, Ihre Daten zu sch\u00fctzen und geeignete Ma\u00dfnahmen zu ergreifen, um Missbrauch, Verlust, unbefugten Zugriff, unerw\u00fcnschte Ver\u00f6ffentlichung und unerlaubte \u00c4nderungen zu verhindern. Wenn Sie den Eindruck haben, dass Ihre Daten nicht sicher genug sind, oder wenn Sie einen Hinweis auf eine unbefugte Nutzung haben, wenden Sie sich bitte an unseren Kundendienst oder an info@hgg-group.com.<\/p>\t\t\t\t\t\t\t\t<\/div>\n\t\t\t\t<\/div>\n\t\t\t\t\t<\/div>\n\t\t\t\t<\/div>\n\t\t\t\t<\/div>\n\t\t","protected":false},"excerpt":{"rendered":"<p>Datenschutzerkl\u00e4rung HGG International bv Datenschutzbestimmungen Wir verpflichten uns, private Daten mit der gebotenen Sorgfalt zu verarbeiten und zu verwalten. Wir wenden bei der Verarbeitung Ihrer Daten das h\u00f6chste Ma\u00df an Sorgfalt an, wie es in der Allgemeinen Datenschutzverordnung (GDPR) festgelegt ist. HGG International bv (zu der HGG Profiling Equipment bv und HGG Profiling Contractors bv [&hellip;]<\/p>\n","protected":false},"author":4,"featured_media":0,"parent":0,"menu_order":0,"comment_status":"closed","ping_status":"closed","template":"","meta":{"_acf_changed":false,"content-type":"","inline_featured_image":false,"footnotes":""},"class_list":["post-24934","page","type-page","status-publish","hentry"],"acf":[],"yoast_head":"<!-- This site is optimized with the Yoast SEO plugin v27.6 - https:\/\/yoast.com\/product\/yoast-seo-wordpress\/ -->\n<title>Datenschutzbestimmungen - HGG Group We Revolutionize The World Of Steel<\/title>\n<meta name=\"description\" content=\"Die HGG-Datenschutzrichtlinie erl\u00e4utert, wie das Unternehmen personenbezogene Daten von Nutzern sammelt, verwendet und sch\u00fctzt. Sie behandelt Themen wie die Methoden der Datenerfassung, den Zweck der Datenverarbeitung, die Rechte der Nutzer in Bezug auf ihre pers\u00f6nlichen Daten und die Schritte, die zur Gew\u00e4hrleistung der Datensicherheit unternommen werden. Au\u00dferdem wird erl\u00e4utert, wie die Nutzer ihre Daten verwalten oder deren L\u00f6schung beantragen k\u00f6nnen.\" \/>\n<meta name=\"robots\" content=\"index, follow, max-snippet:-1, max-image-preview:large, max-video-preview:-1\" \/>\n<link rel=\"canonical\" href=\"https:\/\/www.hgg-group.com\/de\/datenschutzbestimmungen\/\" \/>\n<meta property=\"og:locale\" content=\"de_DE\" \/>\n<meta property=\"og:type\" content=\"article\" \/>\n<meta property=\"og:title\" content=\"Datenschutzbestimmungen - HGG Group We Revolutionize The World Of Steel\" \/>\n<meta property=\"og:description\" content=\"Die HGG-Datenschutzrichtlinie erl\u00e4utert, wie das Unternehmen personenbezogene Daten von Nutzern sammelt, verwendet und sch\u00fctzt. Sie behandelt Themen wie die Methoden der Datenerfassung, den Zweck der Datenverarbeitung, die Rechte der Nutzer in Bezug auf ihre pers\u00f6nlichen Daten und die Schritte, die zur Gew\u00e4hrleistung der Datensicherheit unternommen werden. Au\u00dferdem wird erl\u00e4utert, wie die Nutzer ihre Daten verwalten oder deren L\u00f6schung beantragen k\u00f6nnen.\" \/>\n<meta property=\"og:url\" content=\"https:\/\/www.hgg-group.com\/de\/datenschutzbestimmungen\/\" \/>\n<meta property=\"og:site_name\" content=\"HGG Group\" \/>\n<meta property=\"article:modified_time\" content=\"2024-11-26T14:31:38+00:00\" \/>\n<meta name=\"twitter:card\" content=\"summary_large_image\" \/>\n<meta name=\"twitter:label1\" content=\"Gesch\u00e4tzte Lesezeit\" \/>\n\t<meta name=\"twitter:data1\" content=\"8\u00a0Minuten\" \/>\n<script type=\"application\/ld+json\" class=\"yoast-schema-graph\">{\"@context\":\"https:\\\/\\\/schema.org\",\"@graph\":[{\"@type\":\"WebPage\",\"@id\":\"https:\\\/\\\/www.hgg-group.com\\\/de\\\/datenschutzbestimmungen\\\/\",\"url\":\"https:\\\/\\\/www.hgg-group.com\\\/de\\\/datenschutzbestimmungen\\\/\",\"name\":\"Datenschutzbestimmungen - HGG Group We Revolutionize The World Of Steel\",\"isPartOf\":{\"@id\":\"https:\\\/\\\/www.hgg-group.com\\\/de\\\/#website\"},\"datePublished\":\"2024-04-23T09:05:23+00:00\",\"dateModified\":\"2024-11-26T14:31:38+00:00\",\"description\":\"Die HGG-Datenschutzrichtlinie erl\u00e4utert, wie das Unternehmen personenbezogene Daten von Nutzern sammelt, verwendet und sch\u00fctzt. Sie behandelt Themen wie die Methoden der Datenerfassung, den Zweck der Datenverarbeitung, die Rechte der Nutzer in Bezug auf ihre pers\u00f6nlichen Daten und die Schritte, die zur Gew\u00e4hrleistung der Datensicherheit unternommen werden. Au\u00dferdem wird erl\u00e4utert, wie die Nutzer ihre Daten verwalten oder deren L\u00f6schung beantragen k\u00f6nnen.\",\"breadcrumb\":{\"@id\":\"https:\\\/\\\/www.hgg-group.com\\\/de\\\/datenschutzbestimmungen\\\/#breadcrumb\"},\"inLanguage\":\"de\",\"potentialAction\":[{\"@type\":\"ReadAction\",\"target\":[\"https:\\\/\\\/www.hgg-group.com\\\/de\\\/datenschutzbestimmungen\\\/\"]}]},{\"@type\":\"BreadcrumbList\",\"@id\":\"https:\\\/\\\/www.hgg-group.com\\\/de\\\/datenschutzbestimmungen\\\/#breadcrumb\",\"itemListElement\":[{\"@type\":\"ListItem\",\"position\":1,\"name\":\"Home\",\"item\":\"https:\\\/\\\/www.hgg-group.com\\\/de\\\/startseite\\\/\"},{\"@type\":\"ListItem\",\"position\":2,\"name\":\"Datenschutzbestimmungen\"}]},{\"@type\":\"WebSite\",\"@id\":\"https:\\\/\\\/www.hgg-group.com\\\/de\\\/#website\",\"url\":\"https:\\\/\\\/www.hgg-group.com\\\/de\\\/\",\"name\":\"HGG Group\",\"description\":\"We Revolutionize The World Of Steel\",\"publisher\":{\"@id\":\"https:\\\/\\\/www.hgg-group.com\\\/de\\\/#organization\"},\"potentialAction\":[{\"@type\":\"SearchAction\",\"target\":{\"@type\":\"EntryPoint\",\"urlTemplate\":\"https:\\\/\\\/www.hgg-group.com\\\/de\\\/?s={search_term_string}\"},\"query-input\":{\"@type\":\"PropertyValueSpecification\",\"valueRequired\":true,\"valueName\":\"search_term_string\"}}],\"inLanguage\":\"de\"},{\"@type\":\"Organization\",\"@id\":\"https:\\\/\\\/www.hgg-group.com\\\/de\\\/#organization\",\"name\":\"HGG\",\"url\":\"https:\\\/\\\/www.hgg-group.com\\\/de\\\/\",\"logo\":{\"@type\":\"ImageObject\",\"inLanguage\":\"de\",\"@id\":\"https:\\\/\\\/www.hgg-group.com\\\/de\\\/#\\\/schema\\\/logo\\\/image\\\/\",\"url\":\"https:\\\/\\\/www.hgg-group.com\\\/wp-content\\\/uploads\\\/2025\\\/03\\\/HGG_logo-primair_RGB.png\",\"contentUrl\":\"https:\\\/\\\/www.hgg-group.com\\\/wp-content\\\/uploads\\\/2025\\\/03\\\/HGG_logo-primair_RGB.png\",\"width\":1097,\"height\":1337,\"caption\":\"HGG\"},\"image\":{\"@id\":\"https:\\\/\\\/www.hgg-group.com\\\/de\\\/#\\\/schema\\\/logo\\\/image\\\/\"}}]}<\/script>\n<!-- \/ Yoast SEO plugin. -->","yoast_head_json":{"title":"Datenschutzbestimmungen - HGG Group We Revolutionize The World Of Steel","description":"Die HGG-Datenschutzrichtlinie erl\u00e4utert, wie das Unternehmen personenbezogene Daten von Nutzern sammelt, verwendet und sch\u00fctzt. Sie behandelt Themen wie die Methoden der Datenerfassung, den Zweck der Datenverarbeitung, die Rechte der Nutzer in Bezug auf ihre pers\u00f6nlichen Daten und die Schritte, die zur Gew\u00e4hrleistung der Datensicherheit unternommen werden. Au\u00dferdem wird erl\u00e4utert, wie die Nutzer ihre Daten verwalten oder deren L\u00f6schung beantragen k\u00f6nnen.","robots":{"index":"index","follow":"follow","max-snippet":"max-snippet:-1","max-image-preview":"max-image-preview:large","max-video-preview":"max-video-preview:-1"},"canonical":"https:\/\/www.hgg-group.com\/de\/datenschutzbestimmungen\/","og_locale":"de_DE","og_type":"article","og_title":"Datenschutzbestimmungen - HGG Group We Revolutionize The World Of Steel","og_description":"Die HGG-Datenschutzrichtlinie erl\u00e4utert, wie das Unternehmen personenbezogene Daten von Nutzern sammelt, verwendet und sch\u00fctzt. Sie behandelt Themen wie die Methoden der Datenerfassung, den Zweck der Datenverarbeitung, die Rechte der Nutzer in Bezug auf ihre pers\u00f6nlichen Daten und die Schritte, die zur Gew\u00e4hrleistung der Datensicherheit unternommen werden. Au\u00dferdem wird erl\u00e4utert, wie die Nutzer ihre Daten verwalten oder deren L\u00f6schung beantragen k\u00f6nnen.","og_url":"https:\/\/www.hgg-group.com\/de\/datenschutzbestimmungen\/","og_site_name":"HGG Group","article_modified_time":"2024-11-26T14:31:38+00:00","twitter_card":"summary_large_image","twitter_misc":{"Gesch\u00e4tzte Lesezeit":"8\u00a0Minuten"},"schema":{"@context":"https:\/\/schema.org","@graph":[{"@type":"WebPage","@id":"https:\/\/www.hgg-group.com\/de\/datenschutzbestimmungen\/","url":"https:\/\/www.hgg-group.com\/de\/datenschutzbestimmungen\/","name":"Datenschutzbestimmungen - HGG Group We Revolutionize The World Of Steel","isPartOf":{"@id":"https:\/\/www.hgg-group.com\/de\/#website"},"datePublished":"2024-04-23T09:05:23+00:00","dateModified":"2024-11-26T14:31:38+00:00","description":"Die HGG-Datenschutzrichtlinie erl\u00e4utert, wie das Unternehmen personenbezogene Daten von Nutzern sammelt, verwendet und sch\u00fctzt. Sie behandelt Themen wie die Methoden der Datenerfassung, den Zweck der Datenverarbeitung, die Rechte der Nutzer in Bezug auf ihre pers\u00f6nlichen Daten und die Schritte, die zur Gew\u00e4hrleistung der Datensicherheit unternommen werden. Au\u00dferdem wird erl\u00e4utert, wie die Nutzer ihre Daten verwalten oder deren L\u00f6schung beantragen k\u00f6nnen.","breadcrumb":{"@id":"https:\/\/www.hgg-group.com\/de\/datenschutzbestimmungen\/#breadcrumb"},"inLanguage":"de","potentialAction":[{"@type":"ReadAction","target":["https:\/\/www.hgg-group.com\/de\/datenschutzbestimmungen\/"]}]},{"@type":"BreadcrumbList","@id":"https:\/\/www.hgg-group.com\/de\/datenschutzbestimmungen\/#breadcrumb","itemListElement":[{"@type":"ListItem","position":1,"name":"Home","item":"https:\/\/www.hgg-group.com\/de\/startseite\/"},{"@type":"ListItem","position":2,"name":"Datenschutzbestimmungen"}]},{"@type":"WebSite","@id":"https:\/\/www.hgg-group.com\/de\/#website","url":"https:\/\/www.hgg-group.com\/de\/","name":"HGG Group","description":"We Revolutionize The World Of Steel","publisher":{"@id":"https:\/\/www.hgg-group.com\/de\/#organization"},"potentialAction":[{"@type":"SearchAction","target":{"@type":"EntryPoint","urlTemplate":"https:\/\/www.hgg-group.com\/de\/?s={search_term_string}"},"query-input":{"@type":"PropertyValueSpecification","valueRequired":true,"valueName":"search_term_string"}}],"inLanguage":"de"},{"@type":"Organization","@id":"https:\/\/www.hgg-group.com\/de\/#organization","name":"HGG","url":"https:\/\/www.hgg-group.com\/de\/","logo":{"@type":"ImageObject","inLanguage":"de","@id":"https:\/\/www.hgg-group.com\/de\/#\/schema\/logo\/image\/","url":"https:\/\/www.hgg-group.com\/wp-content\/uploads\/2025\/03\/HGG_logo-primair_RGB.png","contentUrl":"https:\/\/www.hgg-group.com\/wp-content\/uploads\/2025\/03\/HGG_logo-primair_RGB.png","width":1097,"height":1337,"caption":"HGG"},"image":{"@id":"https:\/\/www.hgg-group.com\/de\/#\/schema\/logo\/image\/"}}]}},"_links":{"self":[{"href":"https:\/\/www.hgg-group.com\/de\/wp-json\/wp\/v2\/pages\/24934","targetHints":{"allow":["GET"]}}],"collection":[{"href":"https:\/\/www.hgg-group.com\/de\/wp-json\/wp\/v2\/pages"}],"about":[{"href":"https:\/\/www.hgg-group.com\/de\/wp-json\/wp\/v2\/types\/page"}],"author":[{"embeddable":true,"href":"https:\/\/www.hgg-group.com\/de\/wp-json\/wp\/v2\/users\/4"}],"replies":[{"embeddable":true,"href":"https:\/\/www.hgg-group.com\/de\/wp-json\/wp\/v2\/comments?post=24934"}],"version-history":[{"count":0,"href":"https:\/\/www.hgg-group.com\/de\/wp-json\/wp\/v2\/pages\/24934\/revisions"}],"wp:attachment":[{"href":"https:\/\/www.hgg-group.com\/de\/wp-json\/wp\/v2\/media?parent=24934"}],"curies":[{"name":"wp","href":"https:\/\/api.w.org\/{rel}","templated":true}]}}